{"id":1215,"date":"2016-12-26T12:36:46","date_gmt":"2016-12-26T11:36:46","guid":{"rendered":"http:\/\/particulier.forum.com.tn\/?page_id=1215"},"modified":"2017-04-27T15:57:17","modified_gmt":"2017-04-27T13:57:17","slug":"les-bouchees-sucrees","status":"publish","type":"page","link":"http:\/\/www.forum.com.tn\/particulier\/Fr\/banquets\/delice-sucre\/les-bouchees-sucrees\/","title":{"rendered":"LES BOUCH\u00c9ES SUCR\u00c9ES"},"content":{"rendered":"<div class=\"inner-detail-text container\">\r\n                          \r\n <div class=\"liste-fine-bouch\u00e9es\">\r\n  <ul>\r\n \t<li>Calisson (Amande, Noisette, Pistache)<\/li>\r\n<li> \t*** <\/li>\r\n        \r\n \t<li>Calinou (Amande, Noisette, Pistache)<\/li>\r\n<li> \t*** <\/li>\r\n<li>Cheese-cake (\u00e0 l'orange, cake Caramel)<\/li>\r\n<li> \t*** <\/li>\r\n<li>Cheese-cake Tiramisu<\/li>\r\n<li> \t*** <\/li>\r\n<li>Choquettes (Noisettes, caramel, vanille)<\/li>\r\n<li> \t*** <\/li>\r\n<li>G\u00e2teaux (coktails, soir\u00e9es)<\/li>\r\n<li> \t*** <\/li>\r\n<li>Grappe<\/li>\r\n<li> \t*** <\/li>\r\n<li>Macaron (Caf\u00e9, Noisette, Chocolat, Vanille, Framboise)<\/li>\r\n<li> \t*** <\/li>\r\n<li>Macaron (Marmelade d'orange, Orange, Citron, Pistache)<\/li>\r\n<li> \t*** <\/li>\r\n<li>Mini macaron (Chocolat, Framboise, Caf\u00e9, Pistache)<\/li>\r\n<li> \t*** <\/li>\r\n<li>Op\u00e9rette (Framboise, Caramel, Vanille, Noisette)<\/li>\r\n<li> \t*** <\/li>\r\n<li>Tango (Cheese-cake, Citron , Framboise, Passion)<\/li>\r\n<li> \t*** <\/li>\r\n<li>Verrines (Banane, Caramel, Cheese-cake Framboise )<\/li>\r\n<li> \t*** <\/li>\r\n<li>Verrine Cheese-cake Framboise<\/li>\r\n<li> \t*** <\/li>\r\n<li>Verrine Citron, Fraise Citron, Mangue Vanille <\/li>\r\n<li> \t*** <\/li>\r\n<li>Verrine Or\u00e9o, Tiramisu<\/li>\r\n<li> \t*** <\/li>\r\n\r\n   <\/ul>\r\n  <\/div>\r\n\r\n<div class=\"tarif\">\r\n<span class=\"consulter\">Tarif (nous consulter)<\/span>\r\n<\/div>\r\n<div class=\"bottom-footer\">\r\n <\/div>\r\n\r\n\r\n <\/div>\r\n<div class=\"download-section\">\r\n        <div class=\"detail-icons\">\r\n\r\n           <div class=\"send-detail\" >\r\n                <a href=\"#myModal\"  data-toggle=\"modal\"> <span id=\"hidden-text\">abcd<\/span><\/a>\r\n            <\/div>\r\n\r\n            <div class=\"download-detail\">\r\n                <a href=\"http:\/\/particulier.forum.com.tn\/wp-content\/uploads\/sites\/3\/2017\/03\/3-Les-Bouchees-Sucrees.pdf\" target=\"_blank\"> <span id=\"hidden-text\">abcd<\/span><\/a>\r\n            <\/div>\r\n\r\n            <div class=\"print-detail\">\r\n                <a href=\"http:\/\/particulier.forum.com.tn\/wp-content\/uploads\/sites\/3\/2017\/03\/3-Les-Bouchees-Sucrees.pdf\" target=\"_blank\"> <span id=\"hidden-text\">abcd<\/span><\/a>\r\n            <\/div>\r\n\r\n        <\/div>\r\n    <\/div>","protected":false},"excerpt":{"rendered":"Calisson (Amande, Noisette, Pistache) *** Calinou (Amande, Noisette, Pistache) *** Cheese-cake (\u00e0 l&rsquo;orange, cake Caramel) *** Cheese-cake Tiramisu *** Choquettes (Noisettes, caramel, vanille) *** G\u00e2teaux (coktails, soir\u00e9es) *** Grappe *** Macaron (Caf\u00e9, Noisette, Chocolat, Vanille, Framboise) *** Macaron (Marmelade d&rsquo;orange, Orange, Citron, Pistache) *** Mini macaron (Chocolat, Framboise, Caf\u00e9, Pistache) *** Op\u00e9rette (Framboise, Caramel, Vanille, <a class=\"read-more\" href=\"http:\/\/www.forum.com.tn\/particulier\/Fr\/banquets\/delice-sucre\/les-bouchees-sucrees\/\">&#8230;<\/a>","protected":false},"author":1,"featured_media":1205,"parent":633,"menu_order":0,"comment_status":"closed","ping_status":"closed","template":"single-detail.php","meta":[],"_links":{"self":[{"href":"http:\/\/www.forum.com.tn\/particulier\/Fr\/wp-json\/wp\/v2\/pages\/1215"}],"collection":[{"href":"http:\/\/www.forum.com.tn\/particulier\/Fr\/wp-json\/wp\/v2\/pages"}],"about":[{"href":"http:\/\/www.forum.com.tn\/particulier\/Fr\/wp-json\/wp\/v2\/types\/page"}],"author":[{"embeddable":true,"href":"http:\/\/www.forum.com.tn\/particulier\/Fr\/wp-json\/wp\/v2\/users\/1"}],"replies":[{"embeddable":true,"href":"http:\/\/www.forum.com.tn\/particulier\/Fr\/wp-json\/wp\/v2\/comments?post=1215"}],"version-history":[{"count":13,"href":"http:\/\/www.forum.com.tn\/particulier\/Fr\/wp-json\/wp\/v2\/pages\/1215\/revisions"}],"predecessor-version":[{"id":2986,"href":"http:\/\/www.forum.com.tn\/particulier\/Fr\/wp-json\/wp\/v2\/pages\/1215\/revisions\/2986"}],"up":[{"embeddable":true,"href":"http:\/\/www.forum.com.tn\/particulier\/Fr\/wp-json\/wp\/v2\/pages\/633"}],"wp:featuredmedia":[{"embeddable":true,"href":"http:\/\/www.forum.com.tn\/particulier\/Fr\/wp-json\/wp\/v2\/media\/1205"}],"wp:attachment":[{"href":"http:\/\/www.forum.com.tn\/particulier\/Fr\/wp-json\/wp\/v2\/media?parent=1215"}],"curies":[{"name":"wp","href":"https:\/\/api.w.org\/{rel}","templated":true}]}}