{"id":1219,"date":"2016-12-26T15:09:15","date_gmt":"2016-12-26T14:09:15","guid":{"rendered":"http:\/\/particulier.forum.com.tn\/?page_id=1219"},"modified":"2017-04-27T15:54:35","modified_gmt":"2017-04-27T13:54:35","slug":"traditions-revisitees","status":"publish","type":"page","link":"http:\/\/www.forum.com.tn\/particulier\/Fr\/banquets\/delice-sucre\/traditions-revisitees\/","title":{"rendered":"La Tradition Revisit\u00e9e"},"content":{"rendered":"<div class=\"inner-detail-text container\">\r\n                          \r\n <div class=\"liste-fine-bouch\u00e9es\">\r\n  <ul>\r\n \t<li>Bourgeoise<\/li>\r\n<li> \t*** <\/li>\r\n        \r\n \t<li>C\u0153ur d'amande noisette,C\u0153ur d'amande pistache<\/li>\r\n<li> \t*** <\/li>\r\n<li>Dattes farcies aux noix caramilis\u00e9es<\/li>\r\n<li> \t*** <\/li>\r\n<li>Fleurette noisette, Fleurette pistache<\/li>\r\n<li> \t*** <\/li>\r\n<li>Fondant noisette, Fondant pistache<\/li>\r\n<li> \t*** <\/li>\r\n<li>Jasmin amande, Jasmin noisette, Jasmin noix, Jasmin pistache <\/li>\r\n<li> \t*** <\/li>\r\n<li>Maka \u00e0 la rose, Maka caf\u00e9, Maka pistache <\/li>\r\n<li> \t*** <\/li>\r\n<li>Mignardise s\u00e9same pignon<\/li>\r\n<li> \t*** <\/li>\r\n<li>Mignardise s\u00e9same pistache<\/li>\r\n<li> \t*** <\/li>\r\n<li>Mignardise s\u00e9same varie<\/li>\r\n<li> \t*** <\/li>\r\n<li>Moelleux noisette, Moelleux pignon, Moelleux pistache<\/li>\r\n<li> \t*** <\/li>\r\n<li>Nord sud<\/li>\r\n<li> \t*** <\/li>\r\n<li>Nougat pignon<\/li>\r\n<li> \t*** <\/li>\r\n<li>Sahara <\/li>\r\n<li> \t*** <\/li>\r\n<li>Tarayoun<\/li>\r\n<li> \t*** <\/li>\r\n<li>Tulipe<\/li>\r\n<li> \t*** <\/li>\r\n\r\n   <\/ul>\r\n  <\/div>\r\n\r\n<div class=\"tarif\">\r\n<span class=\"consulter\"> Tarif (nous consulter)<\/span>\r\n<\/div>\r\n<div class=\"bottom-footer\">\r\n <\/div>\r\n\r\n\r\n\r\n <\/div>\r\n<div class=\"download-section\">\r\n        <div class=\"detail-icons\">\r\n\r\n            <div class=\"send-detail\" >\r\n                <a href=\"#myModal\"  data-toggle=\"modal\"> <span id=\"hidden-text\">abcd<\/span><\/a>\r\n            <\/div>\r\n\r\n            <div class=\"download-detail\">\r\n                <a href=\"http:\/\/particulier.forum.com.tn\/wp-content\/uploads\/sites\/3\/2017\/03\/2-La-Tradition-Revisitee.pdf\" target=\"_blank\"> <span id=\"hidden-text\">abcd<\/span><\/a>\r\n            <\/div>\r\n\r\n            <div class=\"print-detail\">\r\n                <a href=\"http:\/\/particulier.forum.com.tn\/wp-content\/uploads\/sites\/3\/2017\/03\/2-La-Tradition-Revisitee.pdf\" target=\"_blank\"> <span id=\"hidden-text\">abcd<\/span><\/a>\r\n            <\/div>\r\n\r\n        <\/div>\r\n    <\/div>","protected":false},"excerpt":{"rendered":"Bourgeoise *** C\u0153ur d&rsquo;amande noisette,C\u0153ur d&rsquo;amande pistache *** Dattes farcies aux noix caramilis\u00e9es *** Fleurette noisette, Fleurette pistache *** Fondant noisette, Fondant pistache *** Jasmin amande, Jasmin noisette, Jasmin noix, Jasmin pistache *** Maka \u00e0 la rose, Maka caf\u00e9, Maka pistache *** Mignardise s\u00e9same pignon *** Mignardise s\u00e9same pistache *** Mignardise s\u00e9same varie *** Moelleux <a class=\"read-more\" href=\"http:\/\/www.forum.com.tn\/particulier\/Fr\/banquets\/delice-sucre\/traditions-revisitees\/\">&#8230;<\/a>","protected":false},"author":1,"featured_media":1209,"parent":633,"menu_order":0,"comment_status":"closed","ping_status":"closed","template":"single-detail.php","meta":[],"_links":{"self":[{"href":"http:\/\/www.forum.com.tn\/particulier\/Fr\/wp-json\/wp\/v2\/pages\/1219"}],"collection":[{"href":"http:\/\/www.forum.com.tn\/particulier\/Fr\/wp-json\/wp\/v2\/pages"}],"about":[{"href":"http:\/\/www.forum.com.tn\/particulier\/Fr\/wp-json\/wp\/v2\/types\/page"}],"author":[{"embeddable":true,"href":"http:\/\/www.forum.com.tn\/particulier\/Fr\/wp-json\/wp\/v2\/users\/1"}],"replies":[{"embeddable":true,"href":"http:\/\/www.forum.com.tn\/particulier\/Fr\/wp-json\/wp\/v2\/comments?post=1219"}],"version-history":[{"count":14,"href":"http:\/\/www.forum.com.tn\/particulier\/Fr\/wp-json\/wp\/v2\/pages\/1219\/revisions"}],"predecessor-version":[{"id":2985,"href":"http:\/\/www.forum.com.tn\/particulier\/Fr\/wp-json\/wp\/v2\/pages\/1219\/revisions\/2985"}],"up":[{"embeddable":true,"href":"http:\/\/www.forum.com.tn\/particulier\/Fr\/wp-json\/wp\/v2\/pages\/633"}],"wp:featuredmedia":[{"embeddable":true,"href":"http:\/\/www.forum.com.tn\/particulier\/Fr\/wp-json\/wp\/v2\/media\/1209"}],"wp:attachment":[{"href":"http:\/\/www.forum.com.tn\/particulier\/Fr\/wp-json\/wp\/v2\/media?parent=1219"}],"curies":[{"name":"wp","href":"https:\/\/api.w.org\/{rel}","templated":true}]}}