{"id":1399,"date":"2017-01-17T11:59:51","date_gmt":"2017-01-17T10:59:51","guid":{"rendered":"http:\/\/particulier.forum.com.tn\/?page_id=1399"},"modified":"2017-01-17T12:00:37","modified_gmt":"2017-01-17T11:00:37","slug":"wajiha-jendoubi-au-lake-forum","status":"publish","type":"page","link":"http:\/\/www.forum.com.tn\/particulier\/Fr\/actualites\/wajiha-jendoubi-au-lake-forum\/","title":{"rendered":"WAJIHA JENDOUBI AU LAKE FORUM"},"content":{"rendered":"A son r\u00e9veil , une femme se retrouve envahie de poils suite \u00e0 un d\u00e9s\u00e9quilibre hormonal provisoire. Il n\u2019est pas adapt\u00e9 a l\u2019environnement ext\u00e9rieur ni \u00e0 l\u2019\u00e9tat anarchique du pays?, lui dit le docteur. Dans sa qu\u00eate du rem\u00e8de, elle d\u00e9couvre finalement que c\u2019est elle le pays\u2026 3ifcha mon amour. Le nouveau spectacle de Wajiha Jendoubi mise en sc\u00e8ne de Chedly Arfaoui essaie d\u2019explorer plusieurs sujets: la pauvret\u00e9, l\u2019\u00e9migration clandestine, la violonce, l\u2019information, la politique.","protected":false},"excerpt":{"rendered":"A son r\u00e9veil , une femme se retrouve envahie de poils suite \u00e0 un d\u00e9s\u00e9quilibre hormonal provisoire. Il n\u2019est pas adapt\u00e9 a l\u2019environnement ext\u00e9rieur ni \u00e0 l\u2019\u00e9tat anarchique du pays?, lui dit le docteur. Dans sa qu\u00eate du rem\u00e8de, elle d\u00e9couvre finalement que c\u2019est elle le pays\u2026 3ifcha mon amour. Le nouveau spectacle de Wajiha <a class=\"read-more\" href=\"http:\/\/www.forum.com.tn\/particulier\/Fr\/actualites\/wajiha-jendoubi-au-lake-forum\/\">&#8230;<\/a>","protected":false},"author":1,"featured_media":1366,"parent":1372,"menu_order":0,"comment_status":"closed","ping_status":"closed","template":"single-actualite.php","meta":[],"_links":{"self":[{"href":"http:\/\/www.forum.com.tn\/particulier\/Fr\/wp-json\/wp\/v2\/pages\/1399"}],"collection":[{"href":"http:\/\/www.forum.com.tn\/particulier\/Fr\/wp-json\/wp\/v2\/pages"}],"about":[{"href":"http:\/\/www.forum.com.tn\/particulier\/Fr\/wp-json\/wp\/v2\/types\/page"}],"author":[{"embeddable":true,"href":"http:\/\/www.forum.com.tn\/particulier\/Fr\/wp-json\/wp\/v2\/users\/1"}],"replies":[{"embeddable":true,"href":"http:\/\/www.forum.com.tn\/particulier\/Fr\/wp-json\/wp\/v2\/comments?post=1399"}],"version-history":[{"count":1,"href":"http:\/\/www.forum.com.tn\/particulier\/Fr\/wp-json\/wp\/v2\/pages\/1399\/revisions"}],"predecessor-version":[{"id":1400,"href":"http:\/\/www.forum.com.tn\/particulier\/Fr\/wp-json\/wp\/v2\/pages\/1399\/revisions\/1400"}],"up":[{"embeddable":true,"href":"http:\/\/www.forum.com.tn\/particulier\/Fr\/wp-json\/wp\/v2\/pages\/1372"}],"wp:featuredmedia":[{"embeddable":true,"href":"http:\/\/www.forum.com.tn\/particulier\/Fr\/wp-json\/wp\/v2\/media\/1366"}],"wp:attachment":[{"href":"http:\/\/www.forum.com.tn\/particulier\/Fr\/wp-json\/wp\/v2\/media?parent=1399"}],"curies":[{"name":"wp","href":"https:\/\/api.w.org\/{rel}","templated":true}]}}