{"id":1448,"date":"2017-01-20T12:35:44","date_gmt":"2017-01-20T11:35:44","guid":{"rendered":"http:\/\/particulier.forum.com.tn\/?page_id=1448"},"modified":"2017-01-26T11:27:36","modified_gmt":"2017-01-26T10:27:36","slug":"soiree-cuisine-du-monde","status":"publish","type":"page","link":"http:\/\/www.forum.com.tn\/particulier\/Fr\/banquets\/soiree-cuisine-du-monde\/","title":{"rendered":"SOIR\u00c9E CUISINE DU MONDE"},"content":{"rendered":"<div class=\"main-container-ceromonie\">\r\n<div class=\"container text-ceremonie-full-bg padding-bot\">\r\n<div class=\"row\">\r\n<div class=\"col-md-6 padding-left lesser-padding-right ceremonie-text-p\">\r\nEvadez-vous le temps d'un repas pour une contr\u00e9e lointaine. \r\nEnvie d'un peu d'exotisme dans l'assiette ? Faites voyager vos papilles avec toutes les recettes de la cuisine mexicaine, p\u00e9ruvienne, asiatique, espagnole, grecque, perse....\r\nVenez d\u00e9couvrir des mets particuli\u00e8rement riches et raffin\u00e9s pour vous faire vraiment plaisir. \r\nOffrez-vous un repas latino  avec la Jalapenos rellenos du Mexique de la Moshica du P\u00e9rou, du Fagioli du Br\u00e9sil des\r\n\r\n<\/div>\r\n<div class=\"col-md-6 padding-right lesser-padding-left ceremonie-text-p\"> Camarones Al T\u00e9quila du Mexique et de l\u2019 Anticucho de Corazon du P\u00e9rou,  accompagnez ces sp\u00e9cialit\u00e9s de guacamole, Salsa mexicaine pour un d\u00e9paysement  total.\r\nVous avez envie d'un peu de soleil dans votre assiette ? Pa\u00eblla, Cannellonis de poivrons rouges, Dattes catalanes, Moules \u00e0 la valencienne, Poulpes \u00e0 la gallega ... et c'est la fiesta garantie. \r\nOn se sent d\u00e9j\u00e0 en voyage.  Alors n'h\u00e9sitez pas \u00e0 venir au FORUM pour go\u00fbter la cuisine authentique de pays r\u00e9put\u00e9s pour leur gastronomie, il y a de quoi \u00e9veiller l'app\u00e9tit des plus fins gourmets. \r\n<\/div>\r\n<\/div>\r\n<\/div>\r\n<\/div>","protected":false},"excerpt":{"rendered":"Evadez-vous le temps d&rsquo;un repas pour une contr\u00e9e lointaine. Envie d&rsquo;un peu d&rsquo;exotisme dans l&rsquo;assiette ? Faites voyager vos papilles avec toutes les recettes de la cuisine mexicaine, p\u00e9ruvienne, asiatique, espagnole, grecque, perse&#8230;. Venez d\u00e9couvrir des mets particuli\u00e8rement riches et raffin\u00e9s pour vous faire vraiment plaisir. Offrez-vous un repas latino avec la Jalapenos rellenos du <a class=\"read-more\" href=\"http:\/\/www.forum.com.tn\/particulier\/Fr\/banquets\/soiree-cuisine-du-monde\/\">&#8230;<\/a>","protected":false},"author":1,"featured_media":0,"parent":20,"menu_order":0,"comment_status":"closed","ping_status":"closed","template":"single-cuisine-monde.php","meta":[],"_links":{"self":[{"href":"http:\/\/www.forum.com.tn\/particulier\/Fr\/wp-json\/wp\/v2\/pages\/1448"}],"collection":[{"href":"http:\/\/www.forum.com.tn\/particulier\/Fr\/wp-json\/wp\/v2\/pages"}],"about":[{"href":"http:\/\/www.forum.com.tn\/particulier\/Fr\/wp-json\/wp\/v2\/types\/page"}],"author":[{"embeddable":true,"href":"http:\/\/www.forum.com.tn\/particulier\/Fr\/wp-json\/wp\/v2\/users\/1"}],"replies":[{"embeddable":true,"href":"http:\/\/www.forum.com.tn\/particulier\/Fr\/wp-json\/wp\/v2\/comments?post=1448"}],"version-history":[{"count":6,"href":"http:\/\/www.forum.com.tn\/particulier\/Fr\/wp-json\/wp\/v2\/pages\/1448\/revisions"}],"predecessor-version":[{"id":1719,"href":"http:\/\/www.forum.com.tn\/particulier\/Fr\/wp-json\/wp\/v2\/pages\/1448\/revisions\/1719"}],"up":[{"embeddable":true,"href":"http:\/\/www.forum.com.tn\/particulier\/Fr\/wp-json\/wp\/v2\/pages\/20"}],"wp:attachment":[{"href":"http:\/\/www.forum.com.tn\/particulier\/Fr\/wp-json\/wp\/v2\/media?parent=1448"}],"curies":[{"name":"wp","href":"https:\/\/api.w.org\/{rel}","templated":true}]}}