{"id":1486,"date":"2017-01-23T01:15:48","date_gmt":"2017-01-23T00:15:48","guid":{"rendered":"http:\/\/particulier.forum.com.tn\/?page_id=1486"},"modified":"2017-04-27T16:30:38","modified_gmt":"2017-04-27T14:30:38","slug":"cuisine-du-monde-pic-nic-perse","status":"publish","type":"page","link":"http:\/\/www.forum.com.tn\/particulier\/Fr\/banquets\/soiree-cuisine-du-monde\/cuisine-du-monde-pic-nic-perse\/","title":{"rendered":"Cuisine du monde Pic-nic Perse"},"content":{"rendered":"<div class=\"inner-detail-text container\">\r\n<div class=\"liste-fine-bouch\u00e9es\">\r\n<ul>\r\n \t<li><strong>Zaitoun <\/strong><\/li>\r\n<\/ul>\r\n<\/div>\r\n<div class=\"liste-fine-bouch\u00e9es\">\r\n<ul>\r\n \t<li><strong>Pavaradeh<\/strong><\/li>\r\n \t<li>Trempette d'olives vertes, noix de Grenoble et jus de grenadine<\/li>\r\n<\/ul>\r\n<\/div>\r\n<div class=\"liste-fine-bouch\u00e9es\">\r\n<ul>\r\n \t<li><strong>Mirza Ghassemi<\/strong><\/li>\r\n \t<li>Trempette d'aubergines, tomates, et ail l\u00e9g\u00e8rement \u00e9pic\u00e9e<\/li>\r\n \t<li>Servies avec du pain perse au zatar et s\u00e9same<\/li>\r\n<\/ul>\r\n<\/div>\r\n<div class=\"liste-fine-bouch\u00e9es\">\r\n<ul>\r\n \t<li><strong>Persepolis comfort food<\/strong><\/li>\r\n \t<li><strong>Shireen polon<\/strong><\/li>\r\n \t<li>Poulet mijot\u00e9, aux zestes d'orange, abricots s\u00e9ch\u00e9s, pruneaux et amandes<\/li>\r\n<\/ul>\r\n<\/div>\r\n<div class=\"liste-fine-bouch\u00e9es\">\r\n<ul>\r\n \t<li><strong>Les secrets safranesques<\/strong><\/li>\r\n \t<li><strong>Bakhtiari<\/strong><\/li>\r\n \t<li>Brochettes de filet mignon, poulet et oignons au safran et cardamome, servies avec riz basmati<\/li>\r\n \t<li>safran\u00e9 aux fruits secs<\/li>\r\n<\/ul>\r\n<\/div>\r\n<div class=\"liste-fine-bouch\u00e9es\">\r\n<ul>\r\n \t<li><strong>Azizame treat<\/strong><\/li>\r\n \t<li>Th\u00e9, g\u00e2teaux perses<\/li>\r\n \t<li>safran\u00e9 aux fruits secs<\/li>\r\n<\/ul>\r\n<\/div>\r\n<div class=\"tarif\">\r\n <span class=\"consulter\">Tarif (nous consulter)<\/span>\r\n<\/div>\r\n<div class=\"bottom-footer\"><\/div>\r\n<\/div>\r\n<div class=\"download-section\">\r\n<div class=\"detail-icons\">\r\n <div class=\"send-detail\" >\r\n                <a href=\"#myModal\"  data-toggle=\"modal\"> <span id=\"hidden-text\">abcd<\/span><\/a>\r\n            <\/div><div class=\"download-detail\"><a href=\"http:\/\/particulier.forum.com.tn\/wp-content\/uploads\/sites\/3\/2017\/03\/Cuisine-du-Monde-Pic-nic-perse.pdf\"> <span id=\"hidden-text\">abcd<\/span><\/a><\/div>\r\n<div class=\"print-detail\"><a href=\"http:\/\/particulier.forum.com.tn\/wp-content\/uploads\/sites\/3\/2017\/03\/Cuisine-du-Monde-Pic-nic-perse.pdf\"> <span id=\"hidden-text\">abcd<\/span><\/a><\/div>\r\n<\/div>\r\n<\/div>","protected":false},"excerpt":{"rendered":"Zaitoun Pavaradeh Trempette d&rsquo;olives vertes, noix de Grenoble et jus de grenadine Mirza Ghassemi Trempette d&rsquo;aubergines, tomates, et ail l\u00e9g\u00e8rement \u00e9pic\u00e9e Servies avec du pain perse au zatar et s\u00e9same Persepolis comfort food Shireen polon Poulet mijot\u00e9, aux zestes d&rsquo;orange, abricots s\u00e9ch\u00e9s, pruneaux et amandes Les secrets safranesques Bakhtiari Brochettes de filet mignon, poulet et <a class=\"read-more\" href=\"http:\/\/www.forum.com.tn\/particulier\/Fr\/banquets\/soiree-cuisine-du-monde\/cuisine-du-monde-pic-nic-perse\/\">&#8230;<\/a>","protected":false},"author":1,"featured_media":0,"parent":1448,"menu_order":0,"comment_status":"closed","ping_status":"closed","template":"single-detail.php","meta":[],"_links":{"self":[{"href":"http:\/\/www.forum.com.tn\/particulier\/Fr\/wp-json\/wp\/v2\/pages\/1486"}],"collection":[{"href":"http:\/\/www.forum.com.tn\/particulier\/Fr\/wp-json\/wp\/v2\/pages"}],"about":[{"href":"http:\/\/www.forum.com.tn\/particulier\/Fr\/wp-json\/wp\/v2\/types\/page"}],"author":[{"embeddable":true,"href":"http:\/\/www.forum.com.tn\/particulier\/Fr\/wp-json\/wp\/v2\/users\/1"}],"replies":[{"embeddable":true,"href":"http:\/\/www.forum.com.tn\/particulier\/Fr\/wp-json\/wp\/v2\/comments?post=1486"}],"version-history":[{"count":10,"href":"http:\/\/www.forum.com.tn\/particulier\/Fr\/wp-json\/wp\/v2\/pages\/1486\/revisions"}],"predecessor-version":[{"id":3002,"href":"http:\/\/www.forum.com.tn\/particulier\/Fr\/wp-json\/wp\/v2\/pages\/1486\/revisions\/3002"}],"up":[{"embeddable":true,"href":"http:\/\/www.forum.com.tn\/particulier\/Fr\/wp-json\/wp\/v2\/pages\/1448"}],"wp:attachment":[{"href":"http:\/\/www.forum.com.tn\/particulier\/Fr\/wp-json\/wp\/v2\/media?parent=1486"}],"curies":[{"name":"wp","href":"https:\/\/api.w.org\/{rel}","templated":true}]}}