{"id":1490,"date":"2017-01-23T01:47:42","date_gmt":"2017-01-23T00:47:42","guid":{"rendered":"http:\/\/particulier.forum.com.tn\/?page_id=1490"},"modified":"2017-04-27T16:28:59","modified_gmt":"2017-04-27T14:28:59","slug":"cuisine-du-monde-the-bankok-stop","status":"publish","type":"page","link":"http:\/\/www.forum.com.tn\/particulier\/Fr\/banquets\/soiree-cuisine-du-monde\/cuisine-du-monde-the-bankok-stop\/","title":{"rendered":"Cuisine du monde The Bankok Stop"},"content":{"rendered":"<div class=\"inner-detail-text container\">\r\n <div class=\"liste-fine-bouch\u00e9es\">\r\n  <ul>\r\n \t<li><strong>The Bankok stop<\/strong><\/li>\r\n<\/ul>\r\n<\/div>\r\n <div class=\"liste-fine-bouch\u00e9es\">\r\n  <ul>\r\n \t<li><strong>Tom yum kun<\/strong><\/li>\r\n <li>Soupe tha\u00ef au crevettes et cari rouge<\/li>\r\n<\/ul>\r\n<\/div>\r\n<div class=\"liste-fine-bouch\u00e9es\">\r\n  <ul>\r\n \t<li><strong>Nems aux crevettes et poulet<\/strong><\/li>\r\n <li>servis avec hot & sweet sauce<\/li>\r\n \r\n<\/ul>\r\n<\/div>\r\n<div class=\"liste-fine-bouch\u00e9es\">\r\n  <ul>\r\n \t<li><strong>B\u0153uf au satay et gingembre<\/strong><\/li>\r\n\t\r\n\r\n <li>Sur l\u00e9gumes de wok<\/li>\r\n <\r\n<\/ul>\r\n<\/div>\r\n <div class=\"liste-fine-bouch\u00e9es\">\r\n  <ul>\r\n \t<li><strong>Osaka \u2018s one night stand<\/strong><\/li>\r\n\t<li>Saumon Teriyaki et s\u00e9same, sur riz saut\u00e9 ananas et l\u00e9gumes<\/li>\r\n<\/ul>\r\n<\/div>      \r\n <div class=\"liste-fine-bouch\u00e9es\">\r\n  <ul>\r\n \t<li><strong>The Shangha\u00ef express<\/strong><\/li>\r\n\r\n <li>Poulet laqu\u00e9 au gingembre<\/li>\r\n<\/ul>\r\n<\/div>  \r\n <div class=\"liste-fine-bouch\u00e9es\">\r\n  <ul>\r\n \t<li><strong>Back to Campe\u00ef<\/strong><\/li>\r\n\r\n <li>Crevettes basilic et lait de coco<\/li>\r\n <li>Pad Tha\u00ef poulet et crevettes<\/li>\r\n<\/ul>\r\n<\/div> \r\n <div class=\"liste-fine-bouch\u00e9es\">\r\n  <ul>\r\n \t<li><strong>Pieuvre grill\u00e9e<\/strong><\/li>\r\n\r\n <li>servie avec piment rouge doux, c\u00e2pres, oignons rouges et huile d'olives<\/li>\r\n\r\n<\/ul>\r\n<\/div> \r\n <div class=\"liste-fine-bouch\u00e9es\">\r\n  <ul>\r\n \t<li><strong>Sweet Sa\u00efgon<\/strong><\/li>\r\n\r\n <li>Verrines Saigon<\/li>\r\n\r\n<\/ul>\r\n<\/div> \r\n<div class=\"tarif\">\r\n <span class=\"consulter\"> Tarif (nous consulter)<\/span>\r\n<\/div>\r\n<div class=\"bottom-footer\">\r\n <\/div>\r\n\r\n <\/div>\r\n\r\n<div class=\"download-section\">\r\n        <div class=\"detail-icons\">\r\n\r\n           <div class=\"send-detail\" >\r\n                <a href=\"#myModal\"  data-toggle=\"modal\"> <span id=\"hidden-text\">abcd<\/span><\/a>\r\n            <\/div>\r\n\r\n\r\n            <div class=\"download-detail\">\r\n                <a href=\"http:\/\/particulier.forum.com.tn\/wp-content\/uploads\/sites\/3\/2017\/03\/Cuisine-du-Monde-The-Bankok-stop.pdf\"> <span id=\"hidden-text\">abcd<\/span><\/a>\r\n            <\/div>\r\n\r\n            <div class=\"print-detail\">\r\n                <a href=\"http:\/\/particulier.forum.com.tn\/wp-content\/uploads\/sites\/3\/2017\/03\/Cuisine-du-Monde-The-Bankok-stop.pdf\"> <span id=\"hidden-text\">abcd<\/span><\/a>\r\n            <\/div>\r\n\r\n        <\/div>\r\n    <\/div>","protected":false},"excerpt":{"rendered":"The Bankok stop Tom yum kun Soupe tha\u00ef au crevettes et cari rouge Nems aux crevettes et poulet servis avec hot &#038; sweet sauce B\u0153uf au satay et gingembre Sur l\u00e9gumes de wok < Osaka \u2018s one night stand Saumon Teriyaki et s\u00e9same, sur riz saut\u00e9 ananas et l\u00e9gumes The Shangha\u00ef express Poulet laqu\u00e9 au <a class=\"read-more\" href=\"http:\/\/www.forum.com.tn\/particulier\/Fr\/banquets\/soiree-cuisine-du-monde\/cuisine-du-monde-the-bankok-stop\/\">&#8230;<\/a>","protected":false},"author":1,"featured_media":0,"parent":1448,"menu_order":0,"comment_status":"closed","ping_status":"closed","template":"single-detail.php","meta":[],"_links":{"self":[{"href":"http:\/\/www.forum.com.tn\/particulier\/Fr\/wp-json\/wp\/v2\/pages\/1490"}],"collection":[{"href":"http:\/\/www.forum.com.tn\/particulier\/Fr\/wp-json\/wp\/v2\/pages"}],"about":[{"href":"http:\/\/www.forum.com.tn\/particulier\/Fr\/wp-json\/wp\/v2\/types\/page"}],"author":[{"embeddable":true,"href":"http:\/\/www.forum.com.tn\/particulier\/Fr\/wp-json\/wp\/v2\/users\/1"}],"replies":[{"embeddable":true,"href":"http:\/\/www.forum.com.tn\/particulier\/Fr\/wp-json\/wp\/v2\/comments?post=1490"}],"version-history":[{"count":10,"href":"http:\/\/www.forum.com.tn\/particulier\/Fr\/wp-json\/wp\/v2\/pages\/1490\/revisions"}],"predecessor-version":[{"id":3000,"href":"http:\/\/www.forum.com.tn\/particulier\/Fr\/wp-json\/wp\/v2\/pages\/1490\/revisions\/3000"}],"up":[{"embeddable":true,"href":"http:\/\/www.forum.com.tn\/particulier\/Fr\/wp-json\/wp\/v2\/pages\/1448"}],"wp:attachment":[{"href":"http:\/\/www.forum.com.tn\/particulier\/Fr\/wp-json\/wp\/v2\/media?parent=1490"}],"curies":[{"name":"wp","href":"https:\/\/api.w.org\/{rel}","templated":true}]}}