{"id":1492,"date":"2017-01-23T01:58:46","date_gmt":"2017-01-23T00:58:46","guid":{"rendered":"http:\/\/particulier.forum.com.tn\/?page_id=1492"},"modified":"2017-04-27T16:27:49","modified_gmt":"2017-04-27T14:27:49","slug":"cuisine-du-monde-la-salsatequa","status":"publish","type":"page","link":"http:\/\/www.forum.com.tn\/particulier\/Fr\/banquets\/soiree-cuisine-du-monde\/cuisine-du-monde-la-salsatequa\/","title":{"rendered":"Cuisine du monde La Salsatequa"},"content":{"rendered":"<div class=\"inner-detail-text container\">\r\n <div class=\"liste-fine-bouch\u00e9es\">\r\n  <ul>\r\n \t<li><strong>La Salsatequa<\/strong><\/li>\r\n<\/ul>\r\n<\/div>\r\n <div class=\"liste-fine-bouch\u00e9es\">\r\n  <ul>\r\n \t<li><strong>Guacamole<\/strong><\/li>\r\n <li>Savoureux m\u00e9lange d'avocat, de coriandre, jus de lime et tomates bien m\u00fbres<\/li>\r\n<\/ul>\r\n<\/div>\r\n<div class=\"liste-fine-bouch\u00e9es\">\r\n  <ul>\r\n \t<li><strong>Salsa mexicaine<\/strong><\/li>\r\n<li><strong>Jalapenos rellenos<\/strong><\/li>\r\n <li>D\u00e9lice \u00e9pic\u00e9! Piments farcis de b\u0153uf et fromage fondu<\/li>\r\n \r\n<\/ul>\r\n<\/div>\r\n<div class=\"liste-fine-bouch\u00e9es\">\r\n  <ul>\r\n \t<li><strong>Chorizo con queso<\/strong><\/li>\r\n\t\r\n\r\n <li>Saucisses mexicaines recouvertes de fromage fondu servies avec tortillas<\/li>\r\n \r\n<\/ul>\r\n<\/div>\r\n <div class=\"liste-fine-bouch\u00e9es\">\r\n  <ul>\r\n \t<li><strong>Le guapo romantique<\/strong><\/li>\r\n\t<li>Ceviche de poisson blanc, mangue et avocat \u00e0 la coriandre<\/li>\r\n<\/ul>\r\n<\/div>      \r\n <div class=\"liste-fine-bouch\u00e9es\">\r\n  <ul>\r\n \t<li><strong>Nacho con queso fundido<\/strong><\/li>\r\n\r\n <li>Croustilles de tortillas croquantes, napp\u00e9es de salsa m\u00e9xicaine, de fromage, de<\/li>\r\n <li>poivron rouge et vert, pur\u00e9e d'haricots rouges, du boeuf servies avec cr\u00e8me s\u00fbre<\/li>\r\n <li>et guacamole<\/li>\r\n<\/ul>\r\n<\/div>  \r\n <div class=\"liste-fine-bouch\u00e9es\">\r\n  <ul>\r\n \t<li><strong>Isla muj\u00e9ras deluxe<\/strong><\/li>\r\n<li><strong>Camarones Al T\u00e9quila<\/strong><\/li>\r\n\r\n <li>Crevettes fra\u00eeches saut\u00e9es \u00e0 la sauce cr\u00e9meuse de t\u00e9quila et tomates fra\u00eeches<\/li>\r\n \r\n<\/ul>\r\n<\/div> \r\n <div class=\"liste-fine-bouch\u00e9es\">\r\n  <ul>\r\n \t<li><strong>Filet mignon al chipotle<\/strong><\/li>\r\n\r\n <li>Filet mignon grill\u00e9 chipotle saut\u00e9 sur nid de mais concass\u00e9 et l\u00e9gumes<\/li>\r\n\r\n<\/ul>\r\n<\/div> \r\n <div class=\"liste-fine-bouch\u00e9es\">\r\n  <ul>\r\n \t<li><strong>The sweet mood<\/strong><\/li>\r\n\r\n <li>Flan exotique<\/li>\r\n <li>Sorbet de mangue<\/li>\r\n <li>G\u00e2teau con dolce de lece<\/li>\r\n<\/ul>\r\n<\/div> \r\n\r\n<div class=\"tarif\">\r\n <span class=\"consulter\"> Tarif (nous consulter)<\/span>\r\n<\/div>\r\n<div class=\"bottom-footer\">\r\n <\/div>\r\n\r\n\r\n <\/div>\r\n\r\n<div class=\"download-section\">\r\n        <div class=\"detail-icons\">\r\n\r\n            <div class=\"send-detail\" >\r\n                <a href=\"#myModal\"  data-toggle=\"modal\"> <span id=\"hidden-text\">abcd<\/span><\/a>\r\n            <\/div>\r\n\r\n            <div class=\"download-detail\">\r\n                <a href=\"http:\/\/particulier.forum.com.tn\/wp-content\/uploads\/sites\/3\/2017\/03\/Cuisine-du-Monde-La-Salsatequa.pdf\"> <span id=\"hidden-text\">abcd<\/span><\/a>\r\n            <\/div>\r\n\r\n            <div class=\"print-detail\">\r\n                <a href=\"http:\/\/particulier.forum.com.tn\/wp-content\/uploads\/sites\/3\/2017\/03\/Cuisine-du-Monde-La-Salsatequa.pdf\"> <span id=\"hidden-text\">abcd<\/span><\/a>\r\n            <\/div>\r\n\r\n        <\/div>\r\n    <\/div>","protected":false},"excerpt":{"rendered":"La Salsatequa Guacamole Savoureux m\u00e9lange d&rsquo;avocat, de coriandre, jus de lime et tomates bien m\u00fbres Salsa mexicaine Jalapenos rellenos D\u00e9lice \u00e9pic\u00e9! Piments farcis de b\u0153uf et fromage fondu Chorizo con queso Saucisses mexicaines recouvertes de fromage fondu servies avec tortillas Le guapo romantique Ceviche de poisson blanc, mangue et avocat \u00e0 la coriandre Nacho con <a class=\"read-more\" href=\"http:\/\/www.forum.com.tn\/particulier\/Fr\/banquets\/soiree-cuisine-du-monde\/cuisine-du-monde-la-salsatequa\/\">&#8230;<\/a>","protected":false},"author":1,"featured_media":0,"parent":1448,"menu_order":0,"comment_status":"closed","ping_status":"closed","template":"single-detail.php","meta":[],"_links":{"self":[{"href":"http:\/\/www.forum.com.tn\/particulier\/Fr\/wp-json\/wp\/v2\/pages\/1492"}],"collection":[{"href":"http:\/\/www.forum.com.tn\/particulier\/Fr\/wp-json\/wp\/v2\/pages"}],"about":[{"href":"http:\/\/www.forum.com.tn\/particulier\/Fr\/wp-json\/wp\/v2\/types\/page"}],"author":[{"embeddable":true,"href":"http:\/\/www.forum.com.tn\/particulier\/Fr\/wp-json\/wp\/v2\/users\/1"}],"replies":[{"embeddable":true,"href":"http:\/\/www.forum.com.tn\/particulier\/Fr\/wp-json\/wp\/v2\/comments?post=1492"}],"version-history":[{"count":10,"href":"http:\/\/www.forum.com.tn\/particulier\/Fr\/wp-json\/wp\/v2\/pages\/1492\/revisions"}],"predecessor-version":[{"id":2999,"href":"http:\/\/www.forum.com.tn\/particulier\/Fr\/wp-json\/wp\/v2\/pages\/1492\/revisions\/2999"}],"up":[{"embeddable":true,"href":"http:\/\/www.forum.com.tn\/particulier\/Fr\/wp-json\/wp\/v2\/pages\/1448"}],"wp:attachment":[{"href":"http:\/\/www.forum.com.tn\/particulier\/Fr\/wp-json\/wp\/v2\/media?parent=1492"}],"curies":[{"name":"wp","href":"https:\/\/api.w.org\/{rel}","templated":true}]}}