{"id":16,"date":"2016-11-26T22:50:58","date_gmt":"2016-11-26T21:50:58","guid":{"rendered":"http:\/\/particulier.forum.com.tn\/?page_id=16"},"modified":"2018-09-19T13:26:48","modified_gmt":"2018-09-19T11:26:48","slug":"votre-ceremonie","status":"publish","type":"page","link":"http:\/\/www.forum.com.tn\/particulier\/Fr\/votre-ceremonie\/","title":{"rendered":"VOTRE C\u00c9R\u00c9MONIE"},"content":{"rendered":"<div class=\"main-container-ceromonie\">\r\n<div class=\"container text-ceremonie-full-bg padding-top\">\r\n\r\n<span class=\"ceromonie-text-field\">C\u00c9R\u00c9MONIES<\/span>\r\n<span class=\"ceremonie-text-sous-titre less-padding-bot\">\"\u00a0Une r\u00e9ception de mariage unique, classe et raffin\u00e9e\u00a0\"<\/span>\r\n<div class=\"row less-padding-bot\">\r\n<div class=\"col-md-6 padding-left lesser-padding-right ceremonie-text-p\">\r\n\r\nLE FORUM, espace privil\u00e8ge alliant confort, s\u00e9r\u00e9nit\u00e9, harmonie, accueil personnalis\u00e9 adaptable pour votre <strong>r\u00e9ception\u00a0de mariage en Tunisie<\/strong>, cocktail, d\u00eener de mariage, outia, soir\u00e9e jeune, fian\u00e7ailles et tout autre type de f\u00eates familiales.\r\n\r\nAvec convivialit\u00e9, souplesse et simplicit\u00e9, notre \u00e9quipe accueille vos invit\u00e9s dans nos 2 salles des f\u00eates, PRESTIGE &amp; SUPR\u00caME, afin de leur faire vivre des moments de joie et de bonheur authentiques.\r\n\r\n<\/div>\r\n<div class=\"col-md-6 padding-right lesser-padding-left ceremonie-text-p\">Gr\u00e2ce \u00e0 l\u2019association du savoir-faire et de l\u2019expertise de notre \u00e9quipe et de celle de nos partenaires, nous \u00e9laborons un environnement vous permettant de rester l\u2019acteur principal de votre <strong>r\u00e9ception de mariage<\/strong> et d\u2019assurer la r\u00e9ussite d\u2019une soir\u00e9e inoubliable.<\/div>\r\n<\/div>\r\n<\/div>\r\n<\/div>","protected":false},"excerpt":{"rendered":"C\u00c9R\u00c9MONIES \u00a0\u00bb\u00a0Une r\u00e9ception de mariage unique, classe et raffin\u00e9e\u00a0\u00a0\u00bb LE FORUM, espace privil\u00e8ge alliant confort, s\u00e9r\u00e9nit\u00e9, harmonie, accueil personnalis\u00e9 adaptable pour votre r\u00e9ception\u00a0de mariage en Tunisie, cocktail, d\u00eener de mariage, outia, soir\u00e9e jeune, fian\u00e7ailles et tout autre type de f\u00eates familiales. Avec convivialit\u00e9, souplesse et simplicit\u00e9, notre \u00e9quipe accueille vos invit\u00e9s dans nos 2 salles <a class=\"read-more\" href=\"http:\/\/www.forum.com.tn\/particulier\/Fr\/votre-ceremonie\/\">&#8230;<\/a>","protected":false},"author":1,"featured_media":0,"parent":0,"menu_order":0,"comment_status":"closed","ping_status":"closed","template":"single-votre-ceremonie.php","meta":[],"_links":{"self":[{"href":"http:\/\/www.forum.com.tn\/particulier\/Fr\/wp-json\/wp\/v2\/pages\/16"}],"collection":[{"href":"http:\/\/www.forum.com.tn\/particulier\/Fr\/wp-json\/wp\/v2\/pages"}],"about":[{"href":"http:\/\/www.forum.com.tn\/particulier\/Fr\/wp-json\/wp\/v2\/types\/page"}],"author":[{"embeddable":true,"href":"http:\/\/www.forum.com.tn\/particulier\/Fr\/wp-json\/wp\/v2\/users\/1"}],"replies":[{"embeddable":true,"href":"http:\/\/www.forum.com.tn\/particulier\/Fr\/wp-json\/wp\/v2\/comments?post=16"}],"version-history":[{"count":74,"href":"http:\/\/www.forum.com.tn\/particulier\/Fr\/wp-json\/wp\/v2\/pages\/16\/revisions"}],"predecessor-version":[{"id":3807,"href":"http:\/\/www.forum.com.tn\/particulier\/Fr\/wp-json\/wp\/v2\/pages\/16\/revisions\/3807"}],"wp:attachment":[{"href":"http:\/\/www.forum.com.tn\/particulier\/Fr\/wp-json\/wp\/v2\/media?parent=16"}],"curies":[{"name":"wp","href":"https:\/\/api.w.org\/{rel}","templated":true}]}}