{"id":20,"date":"2016-11-26T22:52:32","date_gmt":"2016-11-26T21:52:32","guid":{"rendered":"http:\/\/particulier.forum.com.tn\/?page_id=20"},"modified":"2018-09-19T13:01:55","modified_gmt":"2018-09-19T11:01:55","slug":"banquets","status":"publish","type":"page","link":"http:\/\/www.forum.com.tn\/particulier\/Fr\/banquets\/","title":{"rendered":"BANQUETS"},"content":{"rendered":"<div class=\"main-container-ceromonie\">\r\n<div class=\"container text-ceremonie-full-bg padding-top\">\r\n<h1>BANQUETS<\/h1>\r\n<span class=\"ceremonie-text-sous-titre less-padding-bot\">\"Une invitation au voyage des papilles et des sens au FORUM, l'expert dans l'organisation des banquets en Tunisie.\"<\/span>\r\n<div class=\"row less-padding-bot\">\r\n<div class=\"col-md-6 padding-left lesser-padding-right ceremonie-text-p\">\r\n<p style=\"text-align: justify;\">LE FORUM vous propose une carte savoureuse et inventive : des plats gourmands o\u00f9 la tradition c\u00f4toie la cr\u00e9ativit\u00e9. L'ambiance y est conviviale et la cuisine est \u00e0 l'image du d\u00e9cor : subtile et raffin\u00e9e.\r\nD\u00e9lectez vos sens en savourant une cuisine gastronomique moderne et contemporaine puisant ses sources dans les quatre coins du globe. Contactez-nous pour personnaliser vos menus et d\u00e9couvrez tous les secrets culinaires du FORUM.<\/p>\r\n\r\n<\/div>\r\n<div class=\"col-md-6 padding-right lesser-padding-left ceremonie-text-p\" style=\"text-align: justify;\">Gr\u00e2ce \u00e0 l\u2019association du savoir-faire et de l\u2019expertise de notre \u00e9quipe et de celle de nos partenaires, nous \u00e9laborons un environnement vous permettant de rester l\u2019acteur principal de votre c\u00e9r\u00e9monie de mariage et d\u2019assurer la r\u00e9ussite d\u2019une soir\u00e9e inoubliable.\u00a0 \u00a0 \u00a0 \u00a0 \u00a0 \u00a0 \u00a0 \u00a0 \u00a0 \u00a0 Pour tous vos <strong>\u00e9v\u00e9nements priv\u00e9s<\/strong> : mariage, anniversaire, fian\u00e7ailles et tout repas en groupe, d\u00e9couvrez la Carte de nos <strong>banquets en Tunisie<\/strong> !<\/div>\r\n<\/div>\r\n<\/div>\r\n<\/div>","protected":false},"excerpt":{"rendered":"BANQUETS \u00ab\u00a0Une invitation au voyage des papilles et des sens au FORUM, l&rsquo;expert dans l&rsquo;organisation des banquets en Tunisie.\u00a0\u00bb LE FORUM vous propose une carte savoureuse et inventive : des plats gourmands o\u00f9 la tradition c\u00f4toie la cr\u00e9ativit\u00e9. L&rsquo;ambiance y est conviviale et la cuisine est \u00e0 l&rsquo;image du d\u00e9cor : subtile et raffin\u00e9e. D\u00e9lectez <a class=\"read-more\" href=\"http:\/\/www.forum.com.tn\/particulier\/Fr\/banquets\/\">&#8230;<\/a>","protected":false},"author":1,"featured_media":0,"parent":0,"menu_order":0,"comment_status":"closed","ping_status":"closed","template":"single-banquets.php","meta":[],"_links":{"self":[{"href":"http:\/\/www.forum.com.tn\/particulier\/Fr\/wp-json\/wp\/v2\/pages\/20"}],"collection":[{"href":"http:\/\/www.forum.com.tn\/particulier\/Fr\/wp-json\/wp\/v2\/pages"}],"about":[{"href":"http:\/\/www.forum.com.tn\/particulier\/Fr\/wp-json\/wp\/v2\/types\/page"}],"author":[{"embeddable":true,"href":"http:\/\/www.forum.com.tn\/particulier\/Fr\/wp-json\/wp\/v2\/users\/1"}],"replies":[{"embeddable":true,"href":"http:\/\/www.forum.com.tn\/particulier\/Fr\/wp-json\/wp\/v2\/comments?post=20"}],"version-history":[{"count":30,"href":"http:\/\/www.forum.com.tn\/particulier\/Fr\/wp-json\/wp\/v2\/pages\/20\/revisions"}],"predecessor-version":[{"id":3806,"href":"http:\/\/www.forum.com.tn\/particulier\/Fr\/wp-json\/wp\/v2\/pages\/20\/revisions\/3806"}],"wp:attachment":[{"href":"http:\/\/www.forum.com.tn\/particulier\/Fr\/wp-json\/wp\/v2\/media?parent=20"}],"curies":[{"name":"wp","href":"https:\/\/api.w.org\/{rel}","templated":true}]}}