{"id":2046,"date":"2017-02-19T22:11:59","date_gmt":"2017-02-19T21:11:59","guid":{"rendered":"http:\/\/particulier.forum.com.tn\/?page_id=2046"},"modified":"2017-03-15T09:40:38","modified_gmt":"2017-03-15T08:40:38","slug":"plan-du-site","status":"publish","type":"page","link":"http:\/\/www.forum.com.tn\/particulier\/Fr\/plan-du-site\/","title":{"rendered":"PLAN DU SITE"},"content":{"rendered":"<div class=\"wsp-container\"><h2 class=\"wsp-pages-title\">Pages<\/h2>\n<ul class=\"wsp-pages-list\">\n<li class=\"page_item page-item-2046\"><a href=\"http:\/\/www.forum.com.tn\/particulier\/Fr\/plan-du-site\/\">PLAN DU SITE<\/a><\/li>\n<li class=\"page_item page-item-4\"><a href=\"http:\/\/www.forum.com.tn\/particulier\/Fr\/apropos\/\">\u00c0 PROPOS<\/a><\/li>\n<li class=\"page_item page-item-1372 page_item_has_children\"><a href=\"http:\/\/www.forum.com.tn\/particulier\/Fr\/actualites\/\">ACTUALIT\u00c9S<\/a>\n<ul class='children'>\n\t<li class=\"page_item page-item-1399\"><a href=\"http:\/\/www.forum.com.tn\/particulier\/Fr\/actualites\/wajiha-jendoubi-au-lake-forum\/\">WAJIHA JENDOUBI AU LAKE FORUM<\/a><\/li>\n<\/ul>\n<\/li>\n<li class=\"page_item page-item-20 page_item_has_children\"><a href=\"http:\/\/www.forum.com.tn\/particulier\/Fr\/banquets\/\">BANQUETS<\/a>\n<ul class='children'>\n\t<li class=\"page_item page-item-682 page_item_has_children\"><a href=\"http:\/\/www.forum.com.tn\/particulier\/Fr\/banquets\/menu-a-la-carte\/\">MENU \u00c0 LA CARTE<\/a>\n\t<ul class='children'>\n\t\t<li class=\"page_item page-item-1188\"><a href=\"http:\/\/www.forum.com.tn\/particulier\/Fr\/banquets\/menu-a-la-carte\/desserts\/\">DESSERTS<\/a><\/li>\n\t\t<li class=\"page_item page-item-1177\"><a href=\"http:\/\/www.forum.com.tn\/particulier\/Fr\/banquets\/menu-a-la-carte\/entrees\/\">ENTR\u00c9ES<\/a><\/li>\n\t\t<li class=\"page_item page-item-1186\"><a href=\"http:\/\/www.forum.com.tn\/particulier\/Fr\/banquets\/menu-a-la-carte\/garnitures\/\">GARNITURES<\/a><\/li>\n\t\t<li class=\"page_item page-item-1181\"><a href=\"http:\/\/www.forum.com.tn\/particulier\/Fr\/banquets\/menu-a-la-carte\/pates\/\">P\u00c2TES<\/a><\/li>\n\t\t<li class=\"page_item page-item-1184\"><a href=\"http:\/\/www.forum.com.tn\/particulier\/Fr\/banquets\/menu-a-la-carte\/plat-principal\/\">PLAT PRINCIPAL<\/a><\/li>\n\t\t<li class=\"page_item page-item-1179\"><a href=\"http:\/\/www.forum.com.tn\/particulier\/Fr\/banquets\/menu-a-la-carte\/salades\/\">SALADES<\/a><\/li>\n\t<\/ul>\n<\/li>\n\t<li class=\"page_item page-item-652 page_item_has_children\"><a href=\"http:\/\/www.forum.com.tn\/particulier\/Fr\/banquets\/cocktail\/\">COCKTAIL<\/a>\n\t<ul class='children'>\n\t\t<li class=\"page_item page-item-1161\"><a href=\"http:\/\/www.forum.com.tn\/particulier\/Fr\/banquets\/cocktail\/elite\/\">ELITE<\/a><\/li>\n\t\t<li class=\"page_item page-item-1167\"><a href=\"http:\/\/www.forum.com.tn\/particulier\/Fr\/banquets\/cocktail\/jet-set\/\">JET SET<\/a><\/li>\n\t\t<li class=\"page_item page-item-1140\"><a href=\"http:\/\/www.forum.com.tn\/particulier\/Fr\/banquets\/cocktail\/top\/\">TOP<\/a><\/li>\n\t\t<li class=\"page_item page-item-1165\"><a href=\"http:\/\/www.forum.com.tn\/particulier\/Fr\/banquets\/cocktail\/v-i-p\/\">V.I.P<\/a><\/li>\n\t<\/ul>\n<\/li>\n\t<li class=\"page_item page-item-542 page_item_has_children\"><a href=\"http:\/\/www.forum.com.tn\/particulier\/Fr\/banquets\/le-sale-fin\/\">LE SAL\u00c9 FIN<\/a>\n\t<ul class='children'>\n\t\t<li class=\"page_item page-item-1196\"><a href=\"http:\/\/www.forum.com.tn\/particulier\/Fr\/banquets\/le-sale-fin\/les-bouchees-chaudes-froides\/\">LES BOUCH\u00c9ES CHAUDES &#038; FROIDES<\/a><\/li>\n\t\t<li class=\"page_item page-item-1197\"><a href=\"http:\/\/www.forum.com.tn\/particulier\/Fr\/banquets\/le-sale-fin\/les-bouchees-traditionnelles\/\">LES BOUCH\u00c9ES TRADITIONNELLES<\/a><\/li>\n\t\t<li class=\"page_item page-item-1202\"><a href=\"http:\/\/www.forum.com.tn\/particulier\/Fr\/banquets\/le-sale-fin\/les-brochettes\/\">LES BROCHETTES<\/a><\/li>\n\t\t<li class=\"page_item page-item-1198\"><a href=\"http:\/\/www.forum.com.tn\/particulier\/Fr\/banquets\/le-sale-fin\/les-verrines\/\">LES VERRINES<\/a><\/li>\n\t<\/ul>\n<\/li>\n\t<li class=\"page_item page-item-666 page_item_has_children\"><a href=\"http:\/\/www.forum.com.tn\/particulier\/Fr\/banquets\/diner-gala\/\">DINER GALA<\/a>\n\t<ul class='children'>\n\t\t<li class=\"page_item page-item-1173\"><a href=\"http:\/\/www.forum.com.tn\/particulier\/Fr\/banquets\/diner-gala\/cinq-etoiles\/\">CINQ \u00c9TOILES<\/a><\/li>\n\t\t<li class=\"page_item page-item-1171\"><a href=\"http:\/\/www.forum.com.tn\/particulier\/Fr\/banquets\/diner-gala\/quatre-etoiles\/\">QUATRE \u00c9TOILES<\/a><\/li>\n\t\t<li class=\"page_item page-item-1169\"><a href=\"http:\/\/www.forum.com.tn\/particulier\/Fr\/banquets\/diner-gala\/star-buffet\/\">STAR (BUFFET)<\/a><\/li>\n\t\t<li class=\"page_item page-item-1175\"><a href=\"http:\/\/www.forum.com.tn\/particulier\/Fr\/banquets\/diner-gala\/palace\/\">PALACE<\/a><\/li>\n\t<\/ul>\n<\/li>\n\t<li class=\"page_item page-item-633 page_item_has_children\"><a href=\"http:\/\/www.forum.com.tn\/particulier\/Fr\/banquets\/delice-sucre\/\">D\u00c9LICES SUCR\u00c9S<\/a>\n\t<ul class='children'>\n\t\t<li class=\"page_item page-item-1219\"><a href=\"http:\/\/www.forum.com.tn\/particulier\/Fr\/banquets\/delice-sucre\/traditions-revisitees\/\">La Tradition Revisit\u00e9e<\/a><\/li>\n\t\t<li class=\"page_item page-item-1215\"><a href=\"http:\/\/www.forum.com.tn\/particulier\/Fr\/banquets\/delice-sucre\/les-bouchees-sucrees\/\">LES BOUCH\u00c9ES SUCR\u00c9ES<\/a><\/li>\n\t\t<li class=\"page_item page-item-1217\"><a href=\"http:\/\/www.forum.com.tn\/particulier\/Fr\/banquets\/delice-sucre\/les-gateaux-de-ceremonie\/\">LES G\u00c2TEAUX DE C\u00c9R\u00c9MONIE<\/a><\/li>\n\t\t<li class=\"page_item page-item-1204\"><a href=\"http:\/\/www.forum.com.tn\/particulier\/Fr\/banquets\/delice-sucre\/patisseries-tunisiennes\/\">P\u00c2TISSERIES TUNISIENNES<\/a><\/li>\n\t<\/ul>\n<\/li>\n\t<li class=\"page_item page-item-1448 page_item_has_children\"><a href=\"http:\/\/www.forum.com.tn\/particulier\/Fr\/banquets\/soiree-cuisine-du-monde\/\">SOIR\u00c9E CUISINE DU MONDE<\/a>\n\t<ul class='children'>\n\t\t<li class=\"page_item page-item-1494\"><a href=\"http:\/\/www.forum.com.tn\/particulier\/Fr\/banquets\/soiree-cuisine-du-monde\/cuisine-du-monde-casa-del-tapas\/\">Cuisine du monde Casa del Tapas<\/a><\/li>\n\t\t<li class=\"page_item page-item-1496\"><a href=\"http:\/\/www.forum.com.tn\/particulier\/Fr\/banquets\/soiree-cuisine-du-monde\/cuisine-du-monde-degustation\/\">Cuisine du monde D\u00e9gustation<\/a><\/li>\n\t\t<li class=\"page_item page-item-1492\"><a href=\"http:\/\/www.forum.com.tn\/particulier\/Fr\/banquets\/soiree-cuisine-du-monde\/cuisine-du-monde-la-salsatequa\/\">Cuisine du monde La Salsatequa<\/a><\/li>\n\t\t<li class=\"page_item page-item-1486\"><a href=\"http:\/\/www.forum.com.tn\/particulier\/Fr\/banquets\/soiree-cuisine-du-monde\/cuisine-du-monde-pic-nic-perse\/\">Cuisine du monde Pic-nic Perse<\/a><\/li>\n\t\t<li class=\"page_item page-item-1490\"><a href=\"http:\/\/www.forum.com.tn\/particulier\/Fr\/banquets\/soiree-cuisine-du-monde\/cuisine-du-monde-the-bankok-stop\/\">Cuisine du monde The Bankok Stop<\/a><\/li>\n\t\t<li class=\"page_item page-item-1488\"><a href=\"http:\/\/www.forum.com.tn\/particulier\/Fr\/banquets\/soiree-cuisine-du-monde\/cuisine-du-monde-zorba-en-cavale\/\">Cuisine du monde ZORBA EN CAVALE<\/a><\/li>\n\t<\/ul>\n<\/li>\n<\/ul>\n<\/li>\n<li class=\"page_item page-item-2730\"><a href=\"http:\/\/www.forum.com.tn\/particulier\/Fr\/confirmation-demande-devis\/\">Confirmation Demande Devis<\/a><\/li>\n<li class=\"page_item page-item-8\"><a href=\"http:\/\/www.forum.com.tn\/particulier\/Fr\/contact\/\">CONTACT<\/a><\/li>\n<li class=\"page_item page-item-74\"><a href=\"http:\/\/www.forum.com.tn\/particulier\/Fr\/entreprises\/\">ENTREPRISES<\/a><\/li>\n<li class=\"page_item page-item-1239\"><a href=\"http:\/\/www.forum.com.tn\/particulier\/Fr\/galerie\/\">Galerie<\/a><\/li>\n<li class=\"page_item page-item-1389\"><a href=\"http:\/\/www.forum.com.tn\/particulier\/Fr\/guide-des-mariees\/\">GUIDE DES MARI\u00c9ES<\/a><\/li>\n<li class=\"page_item page-item-2207\"><a href=\"http:\/\/www.forum.com.tn\/particulier\/Fr\/mariage-prestige-lapres-midi\/\">Mariage PRESTIGE ( l&rsquo;apr\u00e8s midi )<\/a><\/li>\n<li class=\"page_item page-item-14\"><a href=\"http:\/\/www.forum.com.tn\/particulier\/Fr\/nos-espaces\/\">NOS ESPACES<\/a><\/li>\n<li class=\"page_item page-item-2121 page_item_has_children\"><a href=\"http:\/\/www.forum.com.tn\/particulier\/Fr\/nos-services\/\">NOS SERVICES<\/a>\n<ul class='children'>\n\t<li class=\"page_item page-item-451\"><a href=\"http:\/\/www.forum.com.tn\/particulier\/Fr\/nos-services\/services-mariage\/\">SERVICES MARIAGE<\/a><\/li>\n\t<li class=\"page_item page-item-2123\"><a href=\"http:\/\/www.forum.com.tn\/particulier\/Fr\/nos-services\/autres-services\/\">AUTRES SERVICES<\/a><\/li>\n\t<li class=\"page_item page-item-949\"><a href=\"http:\/\/www.forum.com.tn\/particulier\/Fr\/nos-services\/decoration-mariage\/\">D\u00e9coration Mariage<\/a><\/li>\n<\/ul>\n<\/li>\n<li class=\"page_item page-item-76\"><a href=\"http:\/\/www.forum.com.tn\/particulier\/Fr\/\">PARTICULIER<\/a><\/li>\n<li class=\"page_item page-item-6\"><a href=\"http:\/\/www.forum.com.tn\/particulier\/Fr\/reservation\/\">R\u00c9SERVATION<\/a><\/li>\n<li class=\"page_item page-item-3104\"><a href=\"http:\/\/www.forum.com.tn\/particulier\/Fr\/salle-mariage-tunis\/\">Salle de mariage<\/a><\/li>\n<li class=\"page_item page-item-3107\"><a href=\"http:\/\/www.forum.com.tn\/particulier\/Fr\/salle-fetes-tunisie\/\">Salle des F\u00eates<\/a><\/li>\n<li class=\"page_item page-item-1402\"><a href=\"http:\/\/www.forum.com.tn\/particulier\/Fr\/selecteur-de-date\/\">Selecteur de Date<\/a><\/li>\n<li class=\"page_item page-item-1259\"><a href=\"http:\/\/www.forum.com.tn\/particulier\/Fr\/temoignages\/\">T\u00c9MOIGNAGES<\/a><\/li>\n<li class=\"page_item page-item-16 page_item_has_children\"><a href=\"http:\/\/www.forum.com.tn\/particulier\/Fr\/votre-ceremonie\/\">VOTRE C\u00c9R\u00c9MONIE<\/a>\n<ul class='children'>\n\t<li class=\"page_item page-item-575 page_item_has_children\"><a href=\"http:\/\/www.forum.com.tn\/particulier\/Fr\/votre-ceremonie\/formules-mariage-attable\/\">FORMULES MARIAGE ATTABL\u00c9<\/a>\n\t<ul class='children'>\n\t\t<li class=\"page_item page-item-1119\"><a href=\"http:\/\/www.forum.com.tn\/particulier\/Fr\/votre-ceremonie\/formules-mariage-attable\/bonheur\/\">BONHEUR<\/a><\/li>\n\t\t<li class=\"page_item page-item-1075\"><a href=\"http:\/\/www.forum.com.tn\/particulier\/Fr\/votre-ceremonie\/formules-mariage-attable\/brillance\/\">BRILLANCE<\/a><\/li>\n\t\t<li class=\"page_item page-item-1123\"><a href=\"http:\/\/www.forum.com.tn\/particulier\/Fr\/votre-ceremonie\/formules-mariage-attable\/euphorie\/\">EUPHORIE<\/a><\/li>\n\t\t<li class=\"page_item page-item-1127\"><a href=\"http:\/\/www.forum.com.tn\/particulier\/Fr\/votre-ceremonie\/formules-mariage-attable\/fine-bouchees\/\">FINE BOUCH\u00c9ES<\/a><\/li>\n\t\t<li class=\"page_item page-item-1121\"><a href=\"http:\/\/www.forum.com.tn\/particulier\/Fr\/votre-ceremonie\/formules-mariage-attable\/passion\/\">PASSION<\/a><\/li>\n\t\t<li class=\"page_item page-item-1095\"><a href=\"http:\/\/www.forum.com.tn\/particulier\/Fr\/votre-ceremonie\/formules-mariage-attable\/plaisir\/\">PLAISIR<\/a><\/li>\n\t<\/ul>\n<\/li>\n\t<li class=\"page_item page-item-4609 page_item_has_children\"><a href=\"http:\/\/www.forum.com.tn\/particulier\/Fr\/votre-ceremonie\/contrat-de-mariage\/\">Contrat de mariage<\/a>\n\t<ul class='children'>\n\t\t<li class=\"page_item page-item-4615\"><a href=\"http:\/\/www.forum.com.tn\/particulier\/Fr\/votre-ceremonie\/contrat-de-mariage\/supreme-1-heure\/\">SUPR\u00caME 1 Heure<\/a><\/li>\n\t<\/ul>\n<\/li>\n\t<li class=\"page_item page-item-635 page_item_has_children\"><a href=\"http:\/\/www.forum.com.tn\/particulier\/Fr\/votre-ceremonie\/formule-reception-buffet\/\">FORMULES BUFFET<\/a>\n\t<ul class='children'>\n\t\t<li class=\"page_item page-item-1138\"><a href=\"http:\/\/www.forum.com.tn\/particulier\/Fr\/votre-ceremonie\/formule-reception-buffet\/amuse-bouches\/\">AMUSE-BOUCHES<\/a><\/li>\n\t\t<li class=\"page_item page-item-1131\"><a href=\"http:\/\/www.forum.com.tn\/particulier\/Fr\/votre-ceremonie\/formule-reception-buffet\/eclat\/\">ECLAT<\/a><\/li>\n\t\t<li class=\"page_item page-item-1133\"><a href=\"http:\/\/www.forum.com.tn\/particulier\/Fr\/votre-ceremonie\/formule-reception-buffet\/joie\/\">JOIE<\/a><\/li>\n\t\t<li class=\"page_item page-item-1136\"><a href=\"http:\/\/www.forum.com.tn\/particulier\/Fr\/votre-ceremonie\/formule-reception-buffet\/intense\/\">INTENSE<\/a><\/li>\n\t<\/ul>\n<\/li>\n\t<li class=\"page_item page-item-4584 page_item_has_children\"><a href=\"http:\/\/www.forum.com.tn\/particulier\/Fr\/votre-ceremonie\/reception-contrat-de-mariage\/\">R\u00e9ception &#038; Contrat de mariage<\/a>\n\t<ul class='children'>\n\t\t<li class=\"page_item page-item-4597\"><a href=\"http:\/\/www.forum.com.tn\/particulier\/Fr\/votre-ceremonie\/reception-contrat-de-mariage\/supreme-2-heures\/\">SUPR\u00caME 2 heures<\/a><\/li>\n\t\t<li class=\"page_item page-item-4602\"><a href=\"http:\/\/www.forum.com.tn\/particulier\/Fr\/votre-ceremonie\/reception-contrat-de-mariage\/supreme-4-heures\/\">SUPR\u00caME 4 heures<\/a><\/li>\n\t<\/ul>\n<\/li>\n<\/ul>\n<\/li>\n<li class=\"page_item page-item-2547\"><a href=\"http:\/\/www.forum.com.tn\/particulier\/Fr\/confirmation-reservation\/\">Confirmation Reservation<\/a><\/li>\n<li class=\"page_item page-item-1315\"><a href=\"http:\/\/www.forum.com.tn\/particulier\/Fr\/demande-devis\/\">Demande Devis<\/a><\/li>\n<li class=\"page_item page-item-2092\"><a href=\"http:\/\/www.forum.com.tn\/particulier\/Fr\/demande-devis-2\/\">DEMANDE DEVIS Mariage<\/a><\/li>\n<li class=\"page_item page-item-2523\"><a href=\"http:\/\/www.forum.com.tn\/particulier\/Fr\/demande-devis-professionnel\/\">Demande Devis Professionnel<\/a><\/li>\n<li class=\"page_item page-item-3040\"><a href=\"http:\/\/www.forum.com.tn\/particulier\/Fr\/organisation-mariage-tunisie\/\">Organisation Mariage Tunisie<\/a><\/li>\n<li class=\"page_item\"><a href=\"http:\/\/www.forum.com.tn\/entreprise\">Forum Entreprise<\/a><\/li><li class=\"page_item\"><a href=\"http:\/\/www.forum.com.tn\/particulier\">Forum Particulier<\/a><\/li><\/ul>\n<\/div>","protected":false},"excerpt":{"rendered":"Pages PLAN DU SITE \u00c0 PROPOS ACTUALIT\u00c9S WAJIHA JENDOUBI AU LAKE FORUM BANQUETS MENU \u00c0 LA CARTE DESSERTS ENTR\u00c9ES GARNITURES P\u00c2TES PLAT PRINCIPAL SALADES COCKTAIL ELITE JET SET TOP V.I.P LE SAL\u00c9 FIN LES BOUCH\u00c9ES CHAUDES &#038; FROIDES LES BOUCH\u00c9ES TRADITIONNELLES LES BROCHETTES LES VERRINES DINER GALA CINQ \u00c9TOILES QUATRE \u00c9TOILES STAR (BUFFET) PALACE D\u00c9LICES <a class=\"read-more\" href=\"http:\/\/www.forum.com.tn\/particulier\/Fr\/plan-du-site\/\">...<\/a>","protected":false},"author":1,"featured_media":0,"parent":0,"menu_order":0,"comment_status":"closed","ping_status":"closed","template":"templates\/plan.php","meta":[],"_links":{"self":[{"href":"http:\/\/www.forum.com.tn\/particulier\/Fr\/wp-json\/wp\/v2\/pages\/2046"}],"collection":[{"href":"http:\/\/www.forum.com.tn\/particulier\/Fr\/wp-json\/wp\/v2\/pages"}],"about":[{"href":"http:\/\/www.forum.com.tn\/particulier\/Fr\/wp-json\/wp\/v2\/types\/page"}],"author":[{"embeddable":true,"href":"http:\/\/www.forum.com.tn\/particulier\/Fr\/wp-json\/wp\/v2\/users\/1"}],"replies":[{"embeddable":true,"href":"http:\/\/www.forum.com.tn\/particulier\/Fr\/wp-json\/wp\/v2\/comments?post=2046"}],"version-history":[{"count":3,"href":"http:\/\/www.forum.com.tn\/particulier\/Fr\/wp-json\/wp\/v2\/pages\/2046\/revisions"}],"predecessor-version":[{"id":2478,"href":"http:\/\/www.forum.com.tn\/particulier\/Fr\/wp-json\/wp\/v2\/pages\/2046\/revisions\/2478"}],"wp:attachment":[{"href":"http:\/\/www.forum.com.tn\/particulier\/Fr\/wp-json\/wp\/v2\/media?parent=2046"}],"curies":[{"name":"wp","href":"https:\/\/api.w.org\/{rel}","templated":true}]}}