{"id":2121,"date":"2017-02-23T11:37:14","date_gmt":"2017-02-23T10:37:14","guid":{"rendered":"http:\/\/particulier.forum.com.tn\/?page_id=2121"},"modified":"2018-09-19T13:34:41","modified_gmt":"2018-09-19T11:34:41","slug":"nos-services","status":"publish","type":"page","link":"http:\/\/www.forum.com.tn\/particulier\/Fr\/nos-services\/","title":{"rendered":"NOS SERVICES"},"content":{"rendered":"<div class=\"main-container-ceromonie\">\r\n<div class=\"container text-ceremonie-full-bg padding-top\">\r\n\r\n<span class=\"ceromonie-text-field\">NOS SERVICES<\/span>\r\n<span class=\"ceremonie-text-sous-titre less-padding-bot\">\"Au FORUM, votre c\u00e9r\u00e9monie de mariage cl\u00e9 en main\"<\/span>\r\n<div class=\"row less-padding-bot\">\r\n<div class=\"col-md-6 padding-left lesser-padding-right ceremonie-text-p\">\r\n\r\nPour r\u00e9ussir brillamment le mariage de vos r\u00eaves dans nos luxueuses <strong>salles de f\u00eates<\/strong>, nos \u00e9quipes associ\u00e9es \u00e0 nos partenaires experts, avec leurs savoir-faire reconnus, sont \u00e0 m\u00eame de vous offrir l\u2019excellence d\u2019un service distingu\u00e9 pour un traitement personnalis\u00e9 en mati\u00e8re de :\r\n- D\u00e9coration Mariage\r\nLumi\u00e8re, d\u00e9coration podium, centre de tables, d\u00e9coration florale.\r\n\r\n<\/div>\r\n<div class=\"col-md-6 padding-right lesser-padding-left ceremonie-text-p\">- Services Mariage\r\nTenue des mari\u00e9s, coiffure &amp; maquillage, soins et beaut\u00e9, lune de miel, nuit de noce.\r\n- AUTRES SERVICES\r\nReportage photo\/vid\u00e9o, troupe musicale, audio\/visuel, r\u00e9servation\/s\u00e9jour, parking\/voiturage, soir\u00e9e \u00e0 th\u00e8me.\u00a0 \u00a0 Le Forum n'est pas uniquement une <strong>salle des f\u00eates<\/strong>, c'est un expert dans l'<a href=\"https:\/\/www.forum.com.tn\/particulier\/Fr\/\">organisation des mariages en Tunisie<\/a>. Avec Le Forum, votre c\u00e9r\u00e9monie sera entre les mains des professionnels.<\/div>\r\n<\/div>\r\n<\/div>\r\n&nbsp;\r\n\r\n<\/div>","protected":false},"excerpt":{"rendered":"NOS SERVICES \u00ab\u00a0Au FORUM, votre c\u00e9r\u00e9monie de mariage cl\u00e9 en main\u00a0\u00bb Pour r\u00e9ussir brillamment le mariage de vos r\u00eaves dans nos luxueuses salles de f\u00eates, nos \u00e9quipes associ\u00e9es \u00e0 nos partenaires experts, avec leurs savoir-faire reconnus, sont \u00e0 m\u00eame de vous offrir l\u2019excellence d\u2019un service distingu\u00e9 pour un traitement personnalis\u00e9 en mati\u00e8re de : &#8211; <a class=\"read-more\" href=\"http:\/\/www.forum.com.tn\/particulier\/Fr\/nos-services\/\">&#8230;<\/a>","protected":false},"author":1,"featured_media":0,"parent":0,"menu_order":0,"comment_status":"closed","ping_status":"closed","template":"single-nos-services.php","meta":[],"_links":{"self":[{"href":"http:\/\/www.forum.com.tn\/particulier\/Fr\/wp-json\/wp\/v2\/pages\/2121"}],"collection":[{"href":"http:\/\/www.forum.com.tn\/particulier\/Fr\/wp-json\/wp\/v2\/pages"}],"about":[{"href":"http:\/\/www.forum.com.tn\/particulier\/Fr\/wp-json\/wp\/v2\/types\/page"}],"author":[{"embeddable":true,"href":"http:\/\/www.forum.com.tn\/particulier\/Fr\/wp-json\/wp\/v2\/users\/1"}],"replies":[{"embeddable":true,"href":"http:\/\/www.forum.com.tn\/particulier\/Fr\/wp-json\/wp\/v2\/comments?post=2121"}],"version-history":[{"count":15,"href":"http:\/\/www.forum.com.tn\/particulier\/Fr\/wp-json\/wp\/v2\/pages\/2121\/revisions"}],"predecessor-version":[{"id":3813,"href":"http:\/\/www.forum.com.tn\/particulier\/Fr\/wp-json\/wp\/v2\/pages\/2121\/revisions\/3813"}],"wp:attachment":[{"href":"http:\/\/www.forum.com.tn\/particulier\/Fr\/wp-json\/wp\/v2\/media?parent=2121"}],"curies":[{"name":"wp","href":"https:\/\/api.w.org\/{rel}","templated":true}]}}