{"id":2523,"date":"2017-03-21T11:32:32","date_gmt":"2017-03-21T10:32:32","guid":{"rendered":"http:\/\/particulier.forum.com.tn\/?page_id=2523"},"modified":"2017-04-03T22:09:18","modified_gmt":"2017-04-03T20:09:18","slug":"demande-devis-professionnel","status":"publish","type":"page","link":"http:\/\/www.forum.com.tn\/particulier\/Fr\/demande-devis-professionnel\/","title":{"rendered":"Demande Devis Professionnel"},"content":{"rendered":"<div class=\"container intro\"><strong>{Civilit\u00e9:2:value} {Pr\u00e9nom & Nom (Pr\u00e9nom)} {Pr\u00e9nom & Nom (Nom)}<\/strong>\r\nNous vous remercions pour l'int\u00e9r\u00eat que vous portez pour LE FORUM et votre pr\u00e9-r\u00e9servation pour votre {Type d'\u00e9v\u00e8nements:9:value} en date du {Date d'\u00e9v\u00e8nement} avec {Nombre d'invit\u00e9s} personnes invit\u00e9es. Pour recevoir un devis personnalis\u00e9, veuillez remplir les champs ci-dessous en pr\u00e9cisant vos besoins:\r\n<\/div>\r\n<div class=\"container devisform demande\"><\/div>","protected":false},"excerpt":{"rendered":"{Civilit\u00e9:2:value} {Pr\u00e9nom &#038; Nom (Pr\u00e9nom)} {Pr\u00e9nom &#038; Nom (Nom)} Nous vous remercions pour l&rsquo;int\u00e9r\u00eat que vous portez pour LE FORUM et votre pr\u00e9-r\u00e9servation pour votre {Type d&rsquo;\u00e9v\u00e8nements:9:value} en date du {Date d&rsquo;\u00e9v\u00e8nement} avec {Nombre d&rsquo;invit\u00e9s} personnes invit\u00e9es. Pour recevoir un devis personnalis\u00e9, veuillez remplir les champs ci-dessous en pr\u00e9cisant vos besoins:","protected":false},"author":1,"featured_media":0,"parent":0,"menu_order":0,"comment_status":"closed","ping_status":"closed","template":"templates\/reservation.php","meta":[],"_links":{"self":[{"href":"http:\/\/www.forum.com.tn\/particulier\/Fr\/wp-json\/wp\/v2\/pages\/2523"}],"collection":[{"href":"http:\/\/www.forum.com.tn\/particulier\/Fr\/wp-json\/wp\/v2\/pages"}],"about":[{"href":"http:\/\/www.forum.com.tn\/particulier\/Fr\/wp-json\/wp\/v2\/types\/page"}],"author":[{"embeddable":true,"href":"http:\/\/www.forum.com.tn\/particulier\/Fr\/wp-json\/wp\/v2\/users\/1"}],"replies":[{"embeddable":true,"href":"http:\/\/www.forum.com.tn\/particulier\/Fr\/wp-json\/wp\/v2\/comments?post=2523"}],"version-history":[{"count":23,"href":"http:\/\/www.forum.com.tn\/particulier\/Fr\/wp-json\/wp\/v2\/pages\/2523\/revisions"}],"predecessor-version":[{"id":2729,"href":"http:\/\/www.forum.com.tn\/particulier\/Fr\/wp-json\/wp\/v2\/pages\/2523\/revisions\/2729"}],"wp:attachment":[{"href":"http:\/\/www.forum.com.tn\/particulier\/Fr\/wp-json\/wp\/v2\/media?parent=2523"}],"curies":[{"name":"wp","href":"https:\/\/api.w.org\/{rel}","templated":true}]}}