{"id":3104,"date":"2017-07-13T17:23:29","date_gmt":"2017-07-13T15:23:29","guid":{"rendered":"http:\/\/particulier.forum.com.tn\/?page_id=3104"},"modified":"2018-09-19T18:05:48","modified_gmt":"2018-09-19T16:05:48","slug":"salle-mariage-tunis","status":"publish","type":"page","link":"http:\/\/www.forum.com.tn\/particulier\/Fr\/salle-mariage-tunis\/","title":{"rendered":"Salle de mariage"},"content":{"rendered":"<h1>Salle de mariage \u00e0 Tunis : Optez pour l\u2019excellence !<\/h1>\r\nDifficile de trouver une salle de mariage \u00e0 Tunis qui r\u00e9ponde parfaitement \u00e0 vos attentes. En effet, vous souhaitez que la salle de mariage puisse vous offrir l\u2019espace n\u00e9cessaire mais aussi, la d\u00e9coration et l\u2019ambiance. Apr\u00e8s quelques jours de recherche, vous remarquez rapidement que Le Forum se distingue avec 2 salles de mariage PRESTIGE &amp; SUPREME en plus de la garantie d\u2019un mariage organis\u00e9 par des professionnels offrant des services de mariage de qualit\u00e9.\r\n<h2>Nous nous chargeons de tout !<\/h2>\r\nVous souhaitez trouver une salle des f\u00eates \u00e0 Tunis qui correspond \u00e0 vos r\u00eaves ; Mais avez-vous r\u00e9fl\u00e9chi \u00e0 l\u2019organisation ? Le Forum a tout pr\u00e9vu ! Bien plus qu\u2019une <a href=\"https:\/\/www.forum.com.tn\/particulier\/Fr\/\">salle de mariage \u00e0 Tunis<\/a>, situ\u00e9 dans un quartier chic aux\u00a0Berges du Lac 2, des professionnels du mariage sont \u00e0 votre service pour un mariage distingu\u00e9 avec des <a href=\"https:\/\/www.forum.com.tn\/particulier\/Fr\/nos-services\/\">prestations haut de gamme<\/a>. Nous nous chargeons du moindre d\u00e9tail de la soir\u00e9e de votre mariage pour vous offrir l\u2019excellence.\r\n<h2>Pourquoi choisir Le Forum pour votre mariage \u00e0 Tunis ?<\/h2>\r\nVoici quelques raisons de faire le choix du luxe et de l\u2019excellence. Le Forum, votre salle de mariage \u00e0 Tunis, vous offre une \u00e9coute personnalis\u00e9e et d\u00e9di\u00e9e afin de bien comprendre vos attentes et y r\u00e9pondre parfaitement avec un choix entre 2 salles de mariage, le choix de plusieurs formules riches et vari\u00e9es et une multitude de service de mariage de qualit\u00e9. Soucieux et professionnels, nos \u00e9quipes se chargent du bon d\u00e9roulement de votre mariage. Bien plus qu\u2019une salle de mariage, Le Forum est votre complice dans les moindres d\u00e9tails pour le plus beau jour de votre vie.","protected":false},"excerpt":{"rendered":"Salle de mariage \u00e0 Tunis : Optez pour l\u2019excellence ! Difficile de trouver une salle de mariage \u00e0 Tunis qui r\u00e9ponde parfaitement \u00e0 vos attentes. En effet, vous souhaitez que la salle de mariage puisse vous offrir l\u2019espace n\u00e9cessaire mais aussi, la d\u00e9coration et l\u2019ambiance. Apr\u00e8s quelques jours de recherche, vous remarquez rapidement que Le <a class=\"read-more\" href=\"http:\/\/www.forum.com.tn\/particulier\/Fr\/salle-mariage-tunis\/\">&#8230;<\/a>","protected":false},"author":1,"featured_media":0,"parent":0,"menu_order":0,"comment_status":"closed","ping_status":"closed","template":"templates\/mariage.php","meta":[],"_links":{"self":[{"href":"http:\/\/www.forum.com.tn\/particulier\/Fr\/wp-json\/wp\/v2\/pages\/3104"}],"collection":[{"href":"http:\/\/www.forum.com.tn\/particulier\/Fr\/wp-json\/wp\/v2\/pages"}],"about":[{"href":"http:\/\/www.forum.com.tn\/particulier\/Fr\/wp-json\/wp\/v2\/types\/page"}],"author":[{"embeddable":true,"href":"http:\/\/www.forum.com.tn\/particulier\/Fr\/wp-json\/wp\/v2\/users\/1"}],"replies":[{"embeddable":true,"href":"http:\/\/www.forum.com.tn\/particulier\/Fr\/wp-json\/wp\/v2\/comments?post=3104"}],"version-history":[{"count":3,"href":"http:\/\/www.forum.com.tn\/particulier\/Fr\/wp-json\/wp\/v2\/pages\/3104\/revisions"}],"predecessor-version":[{"id":3815,"href":"http:\/\/www.forum.com.tn\/particulier\/Fr\/wp-json\/wp\/v2\/pages\/3104\/revisions\/3815"}],"wp:attachment":[{"href":"http:\/\/www.forum.com.tn\/particulier\/Fr\/wp-json\/wp\/v2\/media?parent=3104"}],"curies":[{"name":"wp","href":"https:\/\/api.w.org\/{rel}","templated":true}]}}