{"id":3107,"date":"2017-07-13T17:54:31","date_gmt":"2017-07-13T15:54:31","guid":{"rendered":"http:\/\/particulier.forum.com.tn\/?page_id=3107"},"modified":"2017-10-26T12:48:42","modified_gmt":"2017-10-26T10:48:42","slug":"salle-fetes-tunisie","status":"publish","type":"page","link":"http:\/\/www.forum.com.tn\/particulier\/Fr\/salle-fetes-tunisie\/","title":{"rendered":"Salle des F\u00eates"},"content":{"rendered":"<h1>Salle des f\u00eates en Tunisie : Exigez l\u2019excellence !<\/h1>\r\n\r\n<p>Trouver une salle des f\u00eates en Tunisie avec un service de qualit\u00e9 n\u2019est pas une mince affaire. Elle doit r\u00e9pondre parfaitement \u00e0 vos attentes et vous offrir toute l\u2019\u00e9l\u00e9gance souhait\u00e9e. De plus, si on pouvait \u00e9galement vous offrir l\u2019organisation, vous seriez conquis par la simplicit\u00e9 d\u2019organiser un mariage en Tunisie.<\/p>\r\n\r\n<h2>Les points importants \u00e0 v\u00e9rifier pour votre salle des f\u00eates<\/h2>\r\n\r\n<p>En Tunisie, vous pourrez trouver plusieurs salles des f\u00eates, mais il est tr\u00e8s important de bien la choisir. Voici quelques crit\u00e8res de s\u00e9lection tr\u00e8s importants.\r\nD\u2019abord, r\u00e9fl\u00e9chissez  \u00e0 la taille de votre salle des f\u00eates. Combien de personnes allez-vous inviter ? En fonction de ce nombre, vous d\u00e9ciderez de la capacit\u00e9 \u00e0 s\u00e9lectionner ; Il est tr\u00e8s important que vos convives soient \u00e0 l\u2019aise et aient de l\u2019espace. Un autre crit\u00e8re de taille est \u00e9videmment le service propos\u00e9. Si c\u2019est pour louer une salle des f\u00eates et d\u2019\u00eatre oblig\u00e9 de tout planifier et organiser, cela va vous \u00e9puiser. Optez pour une salle des f\u00eates offrant des services de mariage de qualit\u00e9.<\/p>\r\n\r\n<h2>Le Forum, l\u2019excellence pour votre salle des f\u00eates en Tunisie<\/h2>\r\n\r\n<p>Si vous souhaitez que l\u2019excellence fusionne avec la magie, un seul choix : Le Forum ! Pour une salle des f\u00eates en Tunisie qui vous charme et sublime vos invit\u00e9s, faites le choix du Forum. Notre conception du mariage est unique. Nous mettons tous les moyens en place pour vous offrir un mariage classe et raffin\u00e9.<\/p>","protected":false},"excerpt":{"rendered":"Salle des f\u00eates en Tunisie : Exigez l\u2019excellence ! Trouver une salle des f\u00eates en Tunisie avec un service de qualit\u00e9 n\u2019est pas une mince affaire. Elle doit r\u00e9pondre parfaitement \u00e0 vos attentes et vous offrir toute l\u2019\u00e9l\u00e9gance souhait\u00e9e. De plus, si on pouvait \u00e9galement vous offrir l\u2019organisation, vous seriez conquis par la simplicit\u00e9 d\u2019organiser <a class=\"read-more\" href=\"http:\/\/www.forum.com.tn\/particulier\/Fr\/salle-fetes-tunisie\/\">&#8230;<\/a>","protected":false},"author":1,"featured_media":0,"parent":0,"menu_order":0,"comment_status":"closed","ping_status":"closed","template":"templates\/mariage.php","meta":[],"_links":{"self":[{"href":"http:\/\/www.forum.com.tn\/particulier\/Fr\/wp-json\/wp\/v2\/pages\/3107"}],"collection":[{"href":"http:\/\/www.forum.com.tn\/particulier\/Fr\/wp-json\/wp\/v2\/pages"}],"about":[{"href":"http:\/\/www.forum.com.tn\/particulier\/Fr\/wp-json\/wp\/v2\/types\/page"}],"author":[{"embeddable":true,"href":"http:\/\/www.forum.com.tn\/particulier\/Fr\/wp-json\/wp\/v2\/users\/1"}],"replies":[{"embeddable":true,"href":"http:\/\/www.forum.com.tn\/particulier\/Fr\/wp-json\/wp\/v2\/comments?post=3107"}],"version-history":[{"count":1,"href":"http:\/\/www.forum.com.tn\/particulier\/Fr\/wp-json\/wp\/v2\/pages\/3107\/revisions"}],"predecessor-version":[{"id":3108,"href":"http:\/\/www.forum.com.tn\/particulier\/Fr\/wp-json\/wp\/v2\/pages\/3107\/revisions\/3108"}],"wp:attachment":[{"href":"http:\/\/www.forum.com.tn\/particulier\/Fr\/wp-json\/wp\/v2\/media?parent=3107"}],"curies":[{"name":"wp","href":"https:\/\/api.w.org\/{rel}","templated":true}]}}