{"id":4584,"date":"2020-07-03T12:40:17","date_gmt":"2020-07-03T10:40:17","guid":{"rendered":"https:\/\/www.forum.com.tn\/particulier\/?page_id=4584"},"modified":"2023-10-31T09:05:08","modified_gmt":"2023-10-31T08:05:08","slug":"reception-contrat-de-mariage","status":"publish","type":"page","link":"http:\/\/www.forum.com.tn\/particulier\/Fr\/votre-ceremonie\/reception-contrat-de-mariage\/","title":{"rendered":"R\u00e9ception &#038; Contrat de mariage"},"content":{"rendered":"[vc_row][vc_column][vc_column_text]\n<div class=\"main-container-ceromonie\">\n<div class=\"container text-ceremonie-full-bg\">\n<div class=\"row less-padding-bot\">\n<div class=\"col-md-6 padding-left lesser-padding-right ceremonie-text-p\">\n\nVous avez d\u00e9cid\u00e9 de vous marier et vous souhaitez que votre R\u00e9ception &amp; Contrat de mariage, cet \u00e9v\u00e9nement unique, soit une r\u00e9ussite totale, organis\u00e9 avec beaucoup de classe et de raffinement par des professionnels du mariage et avec un service impeccable.\n\nLe staff du FORUM, sp\u00e9cialiste dans l\u2019organisation de mariage en Tunisie,\nest tr\u00e8s heureux de vous accueillir au Lac 2 avec classe et raffinement pour la c\u00e9l\u00e9bration de votre mariage avec une r\u00e9ception de 2 ou 4 heures au choix avec la signature de votre contrat de mariage, et ce pour que le plus beau jour de votre vie soit marqu\u00e9 \u00e0 jamais dans votre m\u00e9moire.\n\n<\/div>\n<div class=\"col-md-6 padding-right lesser-padding-left ceremonie-text-p\">\n\nNotre Espace SUPR\u00caME finement d\u00e9cor\u00e9 a une capacit\u00e9 de 600 personnes. La mise en place de l'espace pour votre r\u00e9ception de mariage et signature du contrat de mariage inclue 200 chaises en style cin\u00e9ma. Un grand espace est pr\u00e9vu dans pour recevoir les v\u0153ux et un coin d\u00e9cor\u00e9 pour une s\u00e9ance photo avec les mari\u00e9s.\n\nNotre \u00e9quipe est \u00e0 votre disposition pour vous guider \u00e0 pr\u00e9parer la c\u00e9r\u00e9monie de contrat de mariage avec \u00e9l\u00e9gance, beaut\u00e9 et convivialit\u00e9, en incluant plusieurs prestations.\n\n<\/div>\n<\/div>\n<\/div>\n<\/div>\n[\/vc_column_text][\/vc_column][\/vc_row]","protected":false},"excerpt":{"rendered":"[vc_row][vc_column][vc_column_text] Vous avez d\u00e9cid\u00e9 de vous marier et vous souhaitez que votre R\u00e9ception &amp; Contrat de mariage, cet \u00e9v\u00e9nement unique, soit une r\u00e9ussite totale, organis\u00e9 avec beaucoup de classe et de raffinement par des professionnels du mariage et avec un service impeccable. Le staff du FORUM, sp\u00e9cialiste dans l\u2019organisation de mariage en Tunisie, est tr\u00e8s <a class=\"read-more\" href=\"http:\/\/www.forum.com.tn\/particulier\/Fr\/votre-ceremonie\/reception-contrat-de-mariage\/\">&#8230;<\/a>","protected":false},"author":1,"featured_media":0,"parent":16,"menu_order":0,"comment_status":"closed","ping_status":"closed","template":"signle-reception-contrat-mariage.php","meta":[],"_links":{"self":[{"href":"http:\/\/www.forum.com.tn\/particulier\/Fr\/wp-json\/wp\/v2\/pages\/4584"}],"collection":[{"href":"http:\/\/www.forum.com.tn\/particulier\/Fr\/wp-json\/wp\/v2\/pages"}],"about":[{"href":"http:\/\/www.forum.com.tn\/particulier\/Fr\/wp-json\/wp\/v2\/types\/page"}],"author":[{"embeddable":true,"href":"http:\/\/www.forum.com.tn\/particulier\/Fr\/wp-json\/wp\/v2\/users\/1"}],"replies":[{"embeddable":true,"href":"http:\/\/www.forum.com.tn\/particulier\/Fr\/wp-json\/wp\/v2\/comments?post=4584"}],"version-history":[{"count":8,"href":"http:\/\/www.forum.com.tn\/particulier\/Fr\/wp-json\/wp\/v2\/pages\/4584\/revisions"}],"predecessor-version":[{"id":5111,"href":"http:\/\/www.forum.com.tn\/particulier\/Fr\/wp-json\/wp\/v2\/pages\/4584\/revisions\/5111"}],"up":[{"embeddable":true,"href":"http:\/\/www.forum.com.tn\/particulier\/Fr\/wp-json\/wp\/v2\/pages\/16"}],"wp:attachment":[{"href":"http:\/\/www.forum.com.tn\/particulier\/Fr\/wp-json\/wp\/v2\/media?parent=4584"}],"curies":[{"name":"wp","href":"https:\/\/api.w.org\/{rel}","templated":true}]}}