{"id":4597,"date":"2020-07-06T17:32:15","date_gmt":"2020-07-06T16:32:15","guid":{"rendered":"https:\/\/www.forum.com.tn\/particulier\/?page_id=4597"},"modified":"2023-10-31T18:14:23","modified_gmt":"2023-10-31T17:14:23","slug":"supreme-2-heures","status":"publish","type":"page","link":"http:\/\/www.forum.com.tn\/particulier\/Fr\/votre-ceremonie\/reception-contrat-de-mariage\/supreme-2-heures\/","title":{"rendered":"SUPR\u00caME 2 heures"},"content":{"rendered":"[vc_row][vc_column][vc_column_text]<img loading=\"lazy\" src=\"http:\/\/www.forum.com.tn\/particulier\/wp-content\/uploads\/sites\/3\/2023\/10\/contrat-reception-2h-300x225.png\" alt=\"\" width=\"300\" height=\"225\" class=\"alignnone size-medium wp-image-5174\" srcset=\"http:\/\/www.forum.com.tn\/particulier\/wp-content\/uploads\/sites\/3\/2023\/10\/contrat-reception-2h-300x225.png 300w, http:\/\/www.forum.com.tn\/particulier\/wp-content\/uploads\/sites\/3\/2023\/10\/contrat-reception-2h.png 400w\" sizes=\"(max-width: 300px) 100vw, 300px\" \/>\n<div class=\"inner-detail-text container\">\n\nLE FORUM est tr\u00e8s heureux de vous accueillir dans notre Espace SUPR\u00caME au Lac 2 pour la c\u00e9l\u00e9bration de votre mariage avec une r\u00e9ception de 2 heures et la signature de votre contrat de mariage, et ce pour que le plus beau jour de votre vie soit marqu\u00e9 \u00e0 jamais dans votre m\u00e9moire. Une formule \u00e0 excellent rapport qualit\u00e9 prix et un service soign\u00e9 pour votre r\u00e9ception de mariage :\n\nR\u00e9ception &amp; contrat de mariage dans l'Espace SUPR\u00caME (espace couvert) au 1er \u00e9tage pour 2 heures de temps, y compris buffet (eau min\u00e9rale, jus fruits frais) &amp; 4 serveurs incluant :\n<div class=\"liste\">\n<ul>\n \t<li>Table d'honneur avec d\u00e9coration florale<\/li>\n \t<li>200 chaises dispos\u00e9es en rang\u00e9e style th\u00e9\u00e2tre<\/li>\n \t<li>Table avec nappage pour drag\u00e9es ou g\u00e2teaux.<\/li>\n \t<li>Sono micro hauts parleurs<\/li>\n \t<li>12 tables cocktail d\u00e9cor\u00e9es<\/li>\n \t<li>Coin d\u00e9cor\u00e9 pour s\u00e9ance photo<\/li>\n \t<li>Buffet dress\u00e9 pour 400 pax (eau min\u00e9rale, jus fruits frais fraise, citronnade, cocktail de fruits)<\/li>\n \t<li>Mise \u00e0 disposition de 4 serveurs pour le service boissons<\/li>\n<\/ul>\n<\/div>\n<div class=\"more-options\">\n<div id=\"personnalisez\" class=\"personnalisez-formule\">PERSONNALISEZ VOTRE FORMULE<\/div>\n<div id=\"tarifs\" class=\"tarif-formule\">Tarif<\/div>\n<\/div>\n<div id=\"options-formule\" class=\"toggle-content\">\n<div class=\"liste\">\n<ul>\n \t<li style=\"list-style-type: none;\">\n<ul>\n \t<li>Photographe 450 DT<\/li>\n \t<li>Option Musicale 350 DT<\/li>\n \t<li>Arc fleuri rose saumon + Chemin de fleur saumon 250 DT<\/li>\n \t<li>Mur v\u00e9g\u00e9tal fleuri podium Mari\u00e9s 500 DT<\/li>\n \t<li>Violoniste 850 DT<\/li>\n \t<li>Organiste occidental oriental 1200 DT<\/li>\n \t<li>G\u00e2teaux tunisiens 1\/pax <span style=\"font-size: 12px;\">(Mixte Baklaoua fekia + carr\u00e9 pignon + Bjaouia fekia + Mlabess + Kaak Warka) de chez GOURMANDISE (2,5dt\/pax)<\/span><\/li>\n \t<li>Sal\u00e9s chaud 3\/pax de chez GOURMANDISE (2dt\/pax)<\/li>\n<\/ul>\n<\/li>\n<\/ul>\n<\/div>\n<\/div>\n<div id=\"tarif\" class=\"toggle-content\">\n<ul>\n \t<li style=\"list-style-type: none;\">\n<ul>Prix forfaitaire pour 400 personnes extensible en option, mise en place style cin\u00e9ma 200 chaises.\n \t<li style=\"margin-top: 20px;\">Tarif Basse Saison*<\/li>\n<\/ul>\n<\/li>\n<\/ul>\n<span class=\"azur\" style=\"margin-right: 20px;\"><span style=\"color: #000;\">15H \u00e0 17H: 3400dt <\/span><\/span><span class=\"orange\" style=\"margin-right: 20px;\"><span style=\"color: #000;\">18H \u00e0 20H: 3700dt <\/span><\/span><span class=\"rouge\"><span style=\"color: #000;\">21H \u00e0 23H: 4000dt <\/span><\/span>\n<ul>\n \t<li style=\"list-style-type: none;\">\n<ul>\n \t<li style=\"margin-top: 20px;\">Tarif Haute Saison**<\/li>\n<\/ul>\n<\/li>\n<\/ul>\n<span class=\"azur\" style=\"margin-right: 20px;\"><span style=\"color: #000;\">15H \u00e0 17H: 3700dt <\/span><\/span><span class=\"orange\" style=\"margin-right: 20px;\"><span style=\"color: #000;\">18H \u00e0 20H: 4000dt <\/span><\/span><span class=\"rouge\" style=\"margin-right: 20px;\"><span style=\"color: #000;\">21H \u00e0 23H: 4300dt <\/span><\/span>\n<div class=\"remarque-tarif\"><strong>* Basse Saison: <\/strong> D\u2019octobre \u00e0 mai \u00e0 l\u2019exclusion des p\u00e9riodes du 15 au 31 des mois de mars &amp; d\u00e9cembre ainsi que les jours f\u00e9ri\u00e9s et veille de jours f\u00e9ri\u00e9s<\/div>\n<div class=\"remarque-tarif\"><strong>** Haute Saison : <\/strong> De juin \u00e0 septembre et du 15 au 31 des mois de mars &amp; d\u00e9cembre ainsi que les jours f\u00e9ri\u00e9s et veille de jours f\u00e9ri\u00e9s<\/div>\n<\/div>\n<div class=\"bottom-footer\"><\/div>\n<\/div>\n[\/vc_column_text][\/vc_column][\/vc_row]","protected":false},"excerpt":{"rendered":"[vc_row][vc_column][vc_column_text] LE FORUM est tr\u00e8s heureux de vous accueillir dans notre Espace SUPR\u00caME au Lac 2 pour la c\u00e9l\u00e9bration de votre mariage avec une r\u00e9ception de 2 heures et la signature de votre contrat de mariage, et ce pour que le plus beau jour de votre vie soit marqu\u00e9 \u00e0 jamais dans votre m\u00e9moire. Une <a class=\"read-more\" href=\"http:\/\/www.forum.com.tn\/particulier\/Fr\/votre-ceremonie\/reception-contrat-de-mariage\/supreme-2-heures\/\">&#8230;<\/a>","protected":false},"author":1,"featured_media":0,"parent":4584,"menu_order":0,"comment_status":"closed","ping_status":"closed","template":"single-detail.php","meta":[],"_links":{"self":[{"href":"http:\/\/www.forum.com.tn\/particulier\/Fr\/wp-json\/wp\/v2\/pages\/4597"}],"collection":[{"href":"http:\/\/www.forum.com.tn\/particulier\/Fr\/wp-json\/wp\/v2\/pages"}],"about":[{"href":"http:\/\/www.forum.com.tn\/particulier\/Fr\/wp-json\/wp\/v2\/types\/page"}],"author":[{"embeddable":true,"href":"http:\/\/www.forum.com.tn\/particulier\/Fr\/wp-json\/wp\/v2\/users\/1"}],"replies":[{"embeddable":true,"href":"http:\/\/www.forum.com.tn\/particulier\/Fr\/wp-json\/wp\/v2\/comments?post=4597"}],"version-history":[{"count":21,"href":"http:\/\/www.forum.com.tn\/particulier\/Fr\/wp-json\/wp\/v2\/pages\/4597\/revisions"}],"predecessor-version":[{"id":5176,"href":"http:\/\/www.forum.com.tn\/particulier\/Fr\/wp-json\/wp\/v2\/pages\/4597\/revisions\/5176"}],"up":[{"embeddable":true,"href":"http:\/\/www.forum.com.tn\/particulier\/Fr\/wp-json\/wp\/v2\/pages\/4584"}],"wp:attachment":[{"href":"http:\/\/www.forum.com.tn\/particulier\/Fr\/wp-json\/wp\/v2\/media?parent=4597"}],"curies":[{"name":"wp","href":"https:\/\/api.w.org\/{rel}","templated":true}]}}