{"id":4602,"date":"2020-07-06T18:08:10","date_gmt":"2020-07-06T17:08:10","guid":{"rendered":"https:\/\/www.forum.com.tn\/particulier\/?page_id=4602"},"modified":"2023-11-04T09:25:56","modified_gmt":"2023-11-04T08:25:56","slug":"supreme-4-heures","status":"publish","type":"page","link":"http:\/\/www.forum.com.tn\/particulier\/Fr\/votre-ceremonie\/reception-contrat-de-mariage\/supreme-4-heures\/","title":{"rendered":"SUPR\u00caME 4 heures"},"content":{"rendered":"[vc_row][vc_column][vc_column_text]<img loading=\"lazy\" class=\"size-medium wp-image-5168 aligncenter\" src=\"http:\/\/www.forum.com.tn\/particulier\/wp-content\/uploads\/sites\/3\/2023\/10\/contrat-reception-4h-300x225.png\" alt=\"\" width=\"300\" height=\"225\" srcset=\"http:\/\/www.forum.com.tn\/particulier\/wp-content\/uploads\/sites\/3\/2023\/10\/contrat-reception-4h-300x225.png 300w, http:\/\/www.forum.com.tn\/particulier\/wp-content\/uploads\/sites\/3\/2023\/10\/contrat-reception-4h.png 400w\" sizes=\"(max-width: 300px) 100vw, 300px\" \/>\n<div class=\"inner-detail-text container\">\n\nLE FORUM est tr\u00e8s heureux de vous accueillir dans notre Espace SUPR\u00caME au Lac 2 pour la c\u00e9l\u00e9bration de votre mariage avec une r\u00e9ception de 4 heures et la signature de votre contrat de mariage, et ce pour que le plus beau jour de votre vie soit marqu\u00e9 \u00e0 jamais dans votre m\u00e9moire.\n\nUn service digne d\u2019un grand palace sera assur\u00e9. Toute l\u2019\u00e9quipe du FORUM sera au petit soin de vos 400 invit\u00e9s pour une r\u00e9ception &amp; contrat de mariage dans l'Espace SUPR\u00caME (attabl\u00e9) au 1er \u00e9tage pour 4 heures de temps, l'apr\u00e8s-midi de 15H00 \u00e0 19H00 ou en soir\u00e9e de 21H \u00e0 01H00.\n<div class=\"liste\">\n\n&nbsp;\n\n400 chaises dispos\u00e9es autour de tables nappage blanc, centre de table miroir fleuri\n\nEau min\u00e9rale\n\nJus de fruits frais (fraise, citronnade fra\u00eeche, Cocktail fruits)\n\nTable d'honneur sculpt\u00e9e avec d\u00e9coration florale\n\nPodium mari\u00e9s d\u00e9cor\u00e9 fourni\n\nSono micro hauts parleurs pour le discours lors du contrat de mariage\n\nMise \u00e0 disposition de 6 serveurs\u00a0qualifi\u00e9s\u00a0: 5 pour le service boissons + 1 pour le dressage en backoffice\n\nAmbiance lumi\u00e8re de couleur\n\nS\u00e9curit\u00e9 renforc\u00e9e \u00e0 l'ext\u00e9rieur\n<ul>\n \t<li><\/li>\n<\/ul>\n<strong>En option<\/strong>\n\nSuppl\u00e9ment pour 100 personnes (500 pax)\u00a0 1000 D\n\n1 service th\u00e9 \u00e0 la menthe 300 D\n\n1 service g\u00e2teaux Tunisiens de chez GOURMANDISE 4D\/pax\n\nVioloniste ou Organiste occidental oriental 1200D\n\nReportage Photo \/ Vid\u00e9o (100 photos num\u00e9riques, DVD film\u00e9e avec 1 cam\u00e9ra) 950D\n\nTroupe musicale 5 personnes &amp; 1 chanteur 3900 D\n\nArc fleuri rose saumon + Chemin de fleur saumon 250 DT\n\nMur v\u00e9g\u00e9tal podium fleuri Mari\u00e9s 500 DT\n\n<\/div>\n<div class=\"more-options\">\n<div id=\"personnalisez\" class=\"personnalisez-formule\">POUR PLUS DE PLAISIRS<\/div>\n<div id=\"tarifs\" class=\"tarif-formule\">Tarif<\/div>\n<\/div>\n<div id=\"options-formule\" class=\"toggle-content\">\n<div class=\"liste\">\n<ul>\n \t<li style=\"list-style-type: none;\">\n<ul>\n \t<li>Rajout Pignon (Th\u00e9 pignon)<\/li>\n \t<li>Notre S\u00e9lection de d\u00e9licieuses bouch\u00e9es Sal\u00e9es de chez GOURMANDISE (3 \/ pax)<\/li>\n \t<li>Pi\u00e8ce mont\u00e9e mod\u00e8le et parfum au choix de chez GOURMANDISE<\/li>\n \t<li>Fruits secs<\/li>\n \t<li>Canap\u00e9s froids saumon crevette \u0153uf lompe<\/li>\n \t<li>Pyramide de macarons de GOURMANDISE<\/li>\n \t<li>Brochettes Poulet marin\u00e9 aux \u00e9pices<\/li>\n \t<li>Bnadek piqu\u00e9s<\/li>\n \t<li>Mini-Brochette B\u0153uf<\/li>\n \t<li>Crevette malsouka croquante<\/li>\n \t<li>Brochette seiche crevette<\/li>\n \t<li>Nuit de Noce H\u00f4tel 5* LUXE en LPD \u00e0 Gammarth<\/li>\n<\/ul>\n<\/li>\n<\/ul>\n<\/div>\n<\/div>\n<div id=\"tarif\" class=\"toggle-content\">\n<ul>\n \t<li style=\"list-style-type: none;\">\n<ul>Prix forfaitaire pour 400 personnes extensible en option\n \t<li style=\"margin-top: 20px;\">Tarif Basse Saison*<\/li>\n<\/ul>\n<\/li>\n<\/ul>\n<span class=\"azur\" style=\"margin-right: 20px;\"><span style=\"color: #000;\">15H \u00e0 19H: 3900dt <\/span><\/span><span class=\"orange\" style=\"margin-right: 20px;\"><span style=\"color: #000;\">21H \u00e0 01H: 4900dt <\/span><\/span>\n<ul>\n \t<li style=\"list-style-type: none;\">\n<ul>\n \t<li style=\"margin-top: 20px;\">Tarif Haute Saison**<\/li>\n<\/ul>\n<\/li>\n<\/ul>\n<span class=\"azur\" style=\"margin-right: 20px;\"><span style=\"color: #000;\">15H \u00e0 19H: 4900dt <\/span><\/span><span class=\"orange\" style=\"margin-right: 20px;\"><span style=\"color: #000;\">21H \u00e0 01H: 5900dt <\/span><\/span>\n<div class=\"remarque-tarif\"><strong>* Basse Saison: <\/strong> D\u2019octobre \u00e0 mai \u00e0 l\u2019exclusion des p\u00e9riodes du 15 au 31 des mois de mars &amp; d\u00e9cembre ainsi que les jours f\u00e9ri\u00e9s et veille de jours f\u00e9ri\u00e9s<\/div>\n<div class=\"remarque-tarif\"><strong>** Haute Saison : <\/strong> De juin \u00e0 septembre et du 15 au 31 des mois de mars &amp; d\u00e9cembre ainsi que les jours f\u00e9ri\u00e9s et veille de jours f\u00e9ri\u00e9s<\/div>\n<\/div>\n<div class=\"bottom-footer\"><\/div>\n<\/div>\n[\/vc_column_text][\/vc_column][\/vc_row]","protected":false},"excerpt":{"rendered":"[vc_row][vc_column][vc_column_text] LE FORUM est tr\u00e8s heureux de vous accueillir dans notre Espace SUPR\u00caME au Lac 2 pour la c\u00e9l\u00e9bration de votre mariage avec une r\u00e9ception de 4 heures et la signature de votre contrat de mariage, et ce pour que le plus beau jour de votre vie soit marqu\u00e9 \u00e0 jamais dans votre m\u00e9moire. Un <a class=\"read-more\" href=\"http:\/\/www.forum.com.tn\/particulier\/Fr\/votre-ceremonie\/reception-contrat-de-mariage\/supreme-4-heures\/\">&#8230;<\/a>","protected":false},"author":1,"featured_media":0,"parent":4584,"menu_order":0,"comment_status":"closed","ping_status":"closed","template":"single-detail.php","meta":[],"_links":{"self":[{"href":"http:\/\/www.forum.com.tn\/particulier\/Fr\/wp-json\/wp\/v2\/pages\/4602"}],"collection":[{"href":"http:\/\/www.forum.com.tn\/particulier\/Fr\/wp-json\/wp\/v2\/pages"}],"about":[{"href":"http:\/\/www.forum.com.tn\/particulier\/Fr\/wp-json\/wp\/v2\/types\/page"}],"author":[{"embeddable":true,"href":"http:\/\/www.forum.com.tn\/particulier\/Fr\/wp-json\/wp\/v2\/users\/1"}],"replies":[{"embeddable":true,"href":"http:\/\/www.forum.com.tn\/particulier\/Fr\/wp-json\/wp\/v2\/comments?post=4602"}],"version-history":[{"count":65,"href":"http:\/\/www.forum.com.tn\/particulier\/Fr\/wp-json\/wp\/v2\/pages\/4602\/revisions"}],"predecessor-version":[{"id":5180,"href":"http:\/\/www.forum.com.tn\/particulier\/Fr\/wp-json\/wp\/v2\/pages\/4602\/revisions\/5180"}],"up":[{"embeddable":true,"href":"http:\/\/www.forum.com.tn\/particulier\/Fr\/wp-json\/wp\/v2\/pages\/4584"}],"wp:attachment":[{"href":"http:\/\/www.forum.com.tn\/particulier\/Fr\/wp-json\/wp\/v2\/media?parent=4602"}],"curies":[{"name":"wp","href":"https:\/\/api.w.org\/{rel}","templated":true}]}}