{"id":4609,"date":"2020-07-07T11:44:55","date_gmt":"2020-07-07T09:44:55","guid":{"rendered":"https:\/\/www.forum.com.tn\/particulier\/?page_id=4609"},"modified":"2020-07-08T17:57:10","modified_gmt":"2020-07-08T15:57:10","slug":"contrat-de-mariage","status":"publish","type":"page","link":"http:\/\/www.forum.com.tn\/particulier\/Fr\/votre-ceremonie\/contrat-de-mariage\/","title":{"rendered":"Contrat de mariage"},"content":{"rendered":"<div class=\"main-container-ceromonie\">\r\n<div class=\"container text-ceremonie-full-bg\">\r\n<div class=\"row less-padding-bot\">\r\n<div class=\"col-md-6 padding-left lesser-padding-right ceremonie-text-p\">\r\n\r\nQuel que soit le style que vous souhaitez donner \u00e0 votre mariage, cet \u00e9v\u00e9nement unique, l'\u00e9quipe du FORUM est \u00e0 votre disposition pour vous satisfaire et organiser pour vous un contrat de mariage m\u00e9morable et distingu\u00e9.\r\n\r\nLe staff du FORUM, sp\u00e9cialiste dans l\u2019organisation de mariage en Tunisie, est tr\u00e8s heureux de vous accueillir au Lac 2 avec classe et raffinement pour la signature de votre contrat de mariage comme \u00e0 la municipalit\u00e9, et ce pour que le plus beau jour de votre vie soit marqu\u00e9 \u00e0 jamais dans votre m\u00e9moire.\r\n\r\n<\/div>\r\n<div class=\"col-md-6 padding-right lesser-padding-left ceremonie-text-p\">\r\n\r\nNotre \u00e9quipe est \u00e0 votre disposition pour vous guider \u00e0 pr\u00e9parer la c\u00e9r\u00e9monie de contrat de mariage avec \u00e9l\u00e9gance, beaut\u00e9 et convivialit\u00e9, en incluant plusieurs prestations.\r\n\r\nLa mise en place de l'espace pour la signature du contrat de mariage dans notre Espace SUPR\u00caME dont la capacit\u00e9 est de 600 personnes inclue 200 chaises en style cin\u00e9ma. Un grand espace est pr\u00e9vu dans pour recevoir les v\u0153ux et un coin d\u00e9cor\u00e9 pour une s\u00e9ance photo avec les mari\u00e9s.\r\n\r\n<\/div>\r\n<\/div>\r\n<\/div>\r\n<\/div>","protected":false},"excerpt":{"rendered":"Quel que soit le style que vous souhaitez donner \u00e0 votre mariage, cet \u00e9v\u00e9nement unique, l&rsquo;\u00e9quipe du FORUM est \u00e0 votre disposition pour vous satisfaire et organiser pour vous un contrat de mariage m\u00e9morable et distingu\u00e9. Le staff du FORUM, sp\u00e9cialiste dans l\u2019organisation de mariage en Tunisie, est tr\u00e8s heureux de vous accueillir au Lac <a class=\"read-more\" href=\"http:\/\/www.forum.com.tn\/particulier\/Fr\/votre-ceremonie\/contrat-de-mariage\/\">&#8230;<\/a>","protected":false},"author":1,"featured_media":4581,"parent":16,"menu_order":0,"comment_status":"closed","ping_status":"closed","template":"single-contrat-mar.php","meta":[],"_links":{"self":[{"href":"http:\/\/www.forum.com.tn\/particulier\/Fr\/wp-json\/wp\/v2\/pages\/4609"}],"collection":[{"href":"http:\/\/www.forum.com.tn\/particulier\/Fr\/wp-json\/wp\/v2\/pages"}],"about":[{"href":"http:\/\/www.forum.com.tn\/particulier\/Fr\/wp-json\/wp\/v2\/types\/page"}],"author":[{"embeddable":true,"href":"http:\/\/www.forum.com.tn\/particulier\/Fr\/wp-json\/wp\/v2\/users\/1"}],"replies":[{"embeddable":true,"href":"http:\/\/www.forum.com.tn\/particulier\/Fr\/wp-json\/wp\/v2\/comments?post=4609"}],"version-history":[{"count":2,"href":"http:\/\/www.forum.com.tn\/particulier\/Fr\/wp-json\/wp\/v2\/pages\/4609\/revisions"}],"predecessor-version":[{"id":4625,"href":"http:\/\/www.forum.com.tn\/particulier\/Fr\/wp-json\/wp\/v2\/pages\/4609\/revisions\/4625"}],"up":[{"embeddable":true,"href":"http:\/\/www.forum.com.tn\/particulier\/Fr\/wp-json\/wp\/v2\/pages\/16"}],"wp:featuredmedia":[{"embeddable":true,"href":"http:\/\/www.forum.com.tn\/particulier\/Fr\/wp-json\/wp\/v2\/media\/4581"}],"wp:attachment":[{"href":"http:\/\/www.forum.com.tn\/particulier\/Fr\/wp-json\/wp\/v2\/media?parent=4609"}],"curies":[{"name":"wp","href":"https:\/\/api.w.org\/{rel}","templated":true}]}}