{"id":575,"date":"2016-12-13T11:10:26","date_gmt":"2016-12-13T10:10:26","guid":{"rendered":"http:\/\/particulier.forum.com.tn\/?page_id=575"},"modified":"2017-02-21T22:58:00","modified_gmt":"2017-02-21T21:58:00","slug":"formules-mariage-attable","status":"publish","type":"page","link":"http:\/\/www.forum.com.tn\/particulier\/Fr\/votre-ceremonie\/formules-mariage-attable\/","title":{"rendered":"FORMULES MARIAGE ATTABL\u00c9"},"content":{"rendered":"<div class=\"main-container-ceromonie\">\r\n<div class=\"container text-ceremonie-full-bg\">\r\n<div class=\"row\">\r\n<div class=\"col-md-6 padding-left lesser-padding-right ceremonie-text-p\">Organisez votre c\u00e9r\u00e9monie ou diner de mariage avec le sp\u00e9cialiste du mariage tunisien pour un mariage attabl\u00e9 pas comme les autres.\r\nLors de la location de votre salle de f\u00eate en Tunisie, et quel que soit le style que vous souhaitez donner \u00e0 votre c\u00e9r\u00e9monie ou diner de mariage, l'\u00e9quipe du FORUM s\u2019engage \u00e0 organiser votre mariage avec une prestation de service \u00e9quivalente \u00e0 celle d\u2019un h\u00f4tel 5 \u00e9toiles*****<\/div>\r\n<div class=\"col-md-6 padding-right lesser-padding-left ceremonie-text-p\">\r\n\r\n avec une d\u00e9coration de mariage sublime, de d\u00e9licieuses fines bouch\u00e9es et des plats raffin\u00e9s au gout exquis.\r\n\r\nLe staff du FORUM, sp\u00e9cialiste dans l\u2019organisation de mariage en Tunisie, Diner de mariage, Cocktail de mariage Tunisie,... vous accueillera avec classe et raffinement.\r\n\r\n<\/div>\r\n<\/div>\r\n<\/div>\r\n<\/div>","protected":false},"excerpt":{"rendered":"Organisez votre c\u00e9r\u00e9monie ou diner de mariage avec le sp\u00e9cialiste du mariage tunisien pour un mariage attabl\u00e9 pas comme les autres. Lors de la location de votre salle de f\u00eate en Tunisie, et quel que soit le style que vous souhaitez donner \u00e0 votre c\u00e9r\u00e9monie ou diner de mariage, l&rsquo;\u00e9quipe du FORUM s\u2019engage \u00e0 organiser <a class=\"read-more\" href=\"http:\/\/www.forum.com.tn\/particulier\/Fr\/votre-ceremonie\/formules-mariage-attable\/\">&#8230;<\/a>","protected":false},"author":1,"featured_media":0,"parent":16,"menu_order":0,"comment_status":"closed","ping_status":"closed","template":"single-formule-attable.php","meta":[],"_links":{"self":[{"href":"http:\/\/www.forum.com.tn\/particulier\/Fr\/wp-json\/wp\/v2\/pages\/575"}],"collection":[{"href":"http:\/\/www.forum.com.tn\/particulier\/Fr\/wp-json\/wp\/v2\/pages"}],"about":[{"href":"http:\/\/www.forum.com.tn\/particulier\/Fr\/wp-json\/wp\/v2\/types\/page"}],"author":[{"embeddable":true,"href":"http:\/\/www.forum.com.tn\/particulier\/Fr\/wp-json\/wp\/v2\/users\/1"}],"replies":[{"embeddable":true,"href":"http:\/\/www.forum.com.tn\/particulier\/Fr\/wp-json\/wp\/v2\/comments?post=575"}],"version-history":[{"count":16,"href":"http:\/\/www.forum.com.tn\/particulier\/Fr\/wp-json\/wp\/v2\/pages\/575\/revisions"}],"predecessor-version":[{"id":1703,"href":"http:\/\/www.forum.com.tn\/particulier\/Fr\/wp-json\/wp\/v2\/pages\/575\/revisions\/1703"}],"up":[{"embeddable":true,"href":"http:\/\/www.forum.com.tn\/particulier\/Fr\/wp-json\/wp\/v2\/pages\/16"}],"wp:attachment":[{"href":"http:\/\/www.forum.com.tn\/particulier\/Fr\/wp-json\/wp\/v2\/media?parent=575"}],"curies":[{"name":"wp","href":"https:\/\/api.w.org\/{rel}","templated":true}]}}