{"id":633,"date":"2016-12-13T15:57:58","date_gmt":"2016-12-13T14:57:58","guid":{"rendered":"http:\/\/particulier.forum.com.tn\/?page_id=633"},"modified":"2017-03-05T22:00:22","modified_gmt":"2017-03-05T21:00:22","slug":"delice-sucre","status":"publish","type":"page","link":"http:\/\/www.forum.com.tn\/particulier\/Fr\/banquets\/delice-sucre\/","title":{"rendered":"D\u00c9LICES SUCR\u00c9S"},"content":{"rendered":"<div class=\"main-container-ceromonie\">\r\n<div class=\"container text-ceremonie-full-bg padding-bot\">\r\n<div class=\"row\">\r\n<div class=\"col-md-6 padding-left lesser-padding-right ceremonie-text-p\">\r\nGr\u00e2ce \u00e0 la longue exp\u00e9rience de notre partenaire Gourmandise, nous vous proposons pour votre c\u00e9r\u00e9monie de mariage des g\u00e2teaux traditionnels tunisiens authentiques, une autre gamme traditionnelle revisit\u00e9e, \r\n<\/div>\r\n<div class=\"col-md-6 padding-right lesser-padding-left ceremonie-text-p\">\r\ndes g\u00e2teaux europ\u00e9ens succulents, des mises en bouches sucr\u00e9s fondantes et de magnifiques  pi\u00e8ces mont\u00e9es et g\u00e2teaux de c\u00e9r\u00e9monies.\r\n Nos d\u00e9lices sucr\u00e9s  vont vous mettre l\u2019eau \u00e0 la bouche !\r\n<\/div>\r\n<\/div>\r\n<\/div>\r\n<\/div>","protected":false},"excerpt":{"rendered":"Gr\u00e2ce \u00e0 la longue exp\u00e9rience de notre partenaire Gourmandise, nous vous proposons pour votre c\u00e9r\u00e9monie de mariage des g\u00e2teaux traditionnels tunisiens authentiques, une autre gamme traditionnelle revisit\u00e9e, des g\u00e2teaux europ\u00e9ens succulents, des mises en bouches sucr\u00e9s fondantes et de magnifiques pi\u00e8ces mont\u00e9es et g\u00e2teaux de c\u00e9r\u00e9monies. Nos d\u00e9lices sucr\u00e9s vont vous mettre l\u2019eau \u00e0 la <a class=\"read-more\" href=\"http:\/\/www.forum.com.tn\/particulier\/Fr\/banquets\/delice-sucre\/\">&#8230;<\/a>","protected":false},"author":1,"featured_media":0,"parent":20,"menu_order":0,"comment_status":"closed","ping_status":"closed","template":"single-delice-scure.php","meta":[],"_links":{"self":[{"href":"http:\/\/www.forum.com.tn\/particulier\/Fr\/wp-json\/wp\/v2\/pages\/633"}],"collection":[{"href":"http:\/\/www.forum.com.tn\/particulier\/Fr\/wp-json\/wp\/v2\/pages"}],"about":[{"href":"http:\/\/www.forum.com.tn\/particulier\/Fr\/wp-json\/wp\/v2\/types\/page"}],"author":[{"embeddable":true,"href":"http:\/\/www.forum.com.tn\/particulier\/Fr\/wp-json\/wp\/v2\/users\/1"}],"replies":[{"embeddable":true,"href":"http:\/\/www.forum.com.tn\/particulier\/Fr\/wp-json\/wp\/v2\/comments?post=633"}],"version-history":[{"count":8,"href":"http:\/\/www.forum.com.tn\/particulier\/Fr\/wp-json\/wp\/v2\/pages\/633\/revisions"}],"predecessor-version":[{"id":2358,"href":"http:\/\/www.forum.com.tn\/particulier\/Fr\/wp-json\/wp\/v2\/pages\/633\/revisions\/2358"}],"up":[{"embeddable":true,"href":"http:\/\/www.forum.com.tn\/particulier\/Fr\/wp-json\/wp\/v2\/pages\/20"}],"wp:attachment":[{"href":"http:\/\/www.forum.com.tn\/particulier\/Fr\/wp-json\/wp\/v2\/media?parent=633"}],"curies":[{"name":"wp","href":"https:\/\/api.w.org\/{rel}","templated":true}]}}