{"id":652,"date":"2016-12-13T16:48:48","date_gmt":"2016-12-13T15:48:48","guid":{"rendered":"http:\/\/particulier.forum.com.tn\/?page_id=652"},"modified":"2017-01-26T11:23:43","modified_gmt":"2017-01-26T10:23:43","slug":"cocktail","status":"publish","type":"page","link":"http:\/\/www.forum.com.tn\/particulier\/Fr\/banquets\/cocktail\/","title":{"rendered":"COCKTAIL"},"content":{"rendered":"<div class=\"main-container-ceremonie\">\r\n<div class=\"container text-ceremonie-full-bg\">\r\n<div class=\"row less-padding-bot\">\r\n<div class=\"col-md-6 padding-left lesser-padding-right ceremonie-text-p\">\r\nDonnez une toute autre saveur \u00e0 vos \u00e9v\u00e9nements avec notre offre de r\u00e9ception \u00ab cl\u00e9 en main \u00bb.\r\nD\u00e9couvrez-la sans plus attendre et offrez \u00e0 vos convives ce qu\u2019il y a de meilleur :\r\n<\/div>\r\n<div class=\"col-md-6 padding-right lesser-padding-left ceremonie-text-p\">\r\nle raffinement & le savoir-faire Gourmandise\r\navec un large choix d\u2019amuse-bouche et de d\u00e9lices sucr\u00e9s sal\u00e9s ainsi que de fines pr\u00e9parations gastronomiques concoct\u00e9es par notre Ex\u00e9cutive Chef .\r\n<\/div>\r\n<\/div>\r\n<\/div>\r\n<\/div>","protected":false},"excerpt":{"rendered":"Donnez une toute autre saveur \u00e0 vos \u00e9v\u00e9nements avec notre offre de r\u00e9ception \u00ab cl\u00e9 en main \u00bb. D\u00e9couvrez-la sans plus attendre et offrez \u00e0 vos convives ce qu\u2019il y a de meilleur : le raffinement &#038; le savoir-faire Gourmandise avec un large choix d\u2019amuse-bouche et de d\u00e9lices sucr\u00e9s sal\u00e9s ainsi que de fines pr\u00e9parations <a class=\"read-more\" href=\"http:\/\/www.forum.com.tn\/particulier\/Fr\/banquets\/cocktail\/\">&#8230;<\/a>","protected":false},"author":1,"featured_media":0,"parent":20,"menu_order":0,"comment_status":"closed","ping_status":"closed","template":"single-cocktail.php","meta":[],"_links":{"self":[{"href":"http:\/\/www.forum.com.tn\/particulier\/Fr\/wp-json\/wp\/v2\/pages\/652"}],"collection":[{"href":"http:\/\/www.forum.com.tn\/particulier\/Fr\/wp-json\/wp\/v2\/pages"}],"about":[{"href":"http:\/\/www.forum.com.tn\/particulier\/Fr\/wp-json\/wp\/v2\/types\/page"}],"author":[{"embeddable":true,"href":"http:\/\/www.forum.com.tn\/particulier\/Fr\/wp-json\/wp\/v2\/users\/1"}],"replies":[{"embeddable":true,"href":"http:\/\/www.forum.com.tn\/particulier\/Fr\/wp-json\/wp\/v2\/comments?post=652"}],"version-history":[{"count":11,"href":"http:\/\/www.forum.com.tn\/particulier\/Fr\/wp-json\/wp\/v2\/pages\/652\/revisions"}],"predecessor-version":[{"id":1717,"href":"http:\/\/www.forum.com.tn\/particulier\/Fr\/wp-json\/wp\/v2\/pages\/652\/revisions\/1717"}],"up":[{"embeddable":true,"href":"http:\/\/www.forum.com.tn\/particulier\/Fr\/wp-json\/wp\/v2\/pages\/20"}],"wp:attachment":[{"href":"http:\/\/www.forum.com.tn\/particulier\/Fr\/wp-json\/wp\/v2\/media?parent=652"}],"curies":[{"name":"wp","href":"https:\/\/api.w.org\/{rel}","templated":true}]}}