{"id":666,"date":"2016-12-13T17:07:04","date_gmt":"2016-12-13T16:07:04","guid":{"rendered":"http:\/\/particulier.forum.com.tn\/?page_id=666"},"modified":"2017-01-26T11:25:18","modified_gmt":"2017-01-26T10:25:18","slug":"diner-gala","status":"publish","type":"page","link":"http:\/\/www.forum.com.tn\/particulier\/Fr\/banquets\/diner-gala\/","title":{"rendered":"DINER GALA"},"content":{"rendered":"<div class=\"main-container-ceromonie\">\r\n<div class=\"container text-ceremonie-full-bg padding-bot\">\r\n<div class=\"row\">\r\n<div class=\"col-md-6 padding-left lesser-padding-right ceremonie-text-p\">\r\nPour un repas d\u2019exception, nous nous occupons de tout. De la cuisine succulente au service impeccable en salle mais aussi de l\u2019animation, la d\u00e9coration, le d\u00e9roulement de la soir\u00e9e\u2026\r\nGo\u00fbtez aux plaisirs d\u00e9licats d\u2019une cuisine raffin\u00e9e en profitant de moments de joie et de plaisir lors de votre prochain diner gala.\r\n<\/div>\r\n<div class=\"col-md-6 padding-right lesser-padding-left ceremonie-text-p\">\r\nLE FORUM s\u2019engage \u00e0 vous servir une qualit\u00e9 de mets appr\u00e9ci\u00e9s par les plus fins gourmets de vos convives et d\u2019orchestrer votre diner-gala au tempo souhait\u00e9.\r\n<\/div>\r\n<\/div>\r\n<\/div>\r\n<\/div>","protected":false},"excerpt":{"rendered":"Pour un repas d\u2019exception, nous nous occupons de tout. De la cuisine succulente au service impeccable en salle mais aussi de l\u2019animation, la d\u00e9coration, le d\u00e9roulement de la soir\u00e9e\u2026 Go\u00fbtez aux plaisirs d\u00e9licats d\u2019une cuisine raffin\u00e9e en profitant de moments de joie et de plaisir lors de votre prochain diner gala. LE FORUM s\u2019engage \u00e0 <a class=\"read-more\" href=\"http:\/\/www.forum.com.tn\/particulier\/Fr\/banquets\/diner-gala\/\">&#8230;<\/a>","protected":false},"author":1,"featured_media":0,"parent":20,"menu_order":0,"comment_status":"closed","ping_status":"closed","template":"single-diner-gala.php","meta":[],"_links":{"self":[{"href":"http:\/\/www.forum.com.tn\/particulier\/Fr\/wp-json\/wp\/v2\/pages\/666"}],"collection":[{"href":"http:\/\/www.forum.com.tn\/particulier\/Fr\/wp-json\/wp\/v2\/pages"}],"about":[{"href":"http:\/\/www.forum.com.tn\/particulier\/Fr\/wp-json\/wp\/v2\/types\/page"}],"author":[{"embeddable":true,"href":"http:\/\/www.forum.com.tn\/particulier\/Fr\/wp-json\/wp\/v2\/users\/1"}],"replies":[{"embeddable":true,"href":"http:\/\/www.forum.com.tn\/particulier\/Fr\/wp-json\/wp\/v2\/comments?post=666"}],"version-history":[{"count":6,"href":"http:\/\/www.forum.com.tn\/particulier\/Fr\/wp-json\/wp\/v2\/pages\/666\/revisions"}],"predecessor-version":[{"id":1718,"href":"http:\/\/www.forum.com.tn\/particulier\/Fr\/wp-json\/wp\/v2\/pages\/666\/revisions\/1718"}],"up":[{"embeddable":true,"href":"http:\/\/www.forum.com.tn\/particulier\/Fr\/wp-json\/wp\/v2\/pages\/20"}],"wp:attachment":[{"href":"http:\/\/www.forum.com.tn\/particulier\/Fr\/wp-json\/wp\/v2\/media?parent=666"}],"curies":[{"name":"wp","href":"https:\/\/api.w.org\/{rel}","templated":true}]}}