{"id":682,"date":"2016-12-07T17:31:47","date_gmt":"2016-12-13T16:31:47","guid":{"rendered":"http:\/\/particulier.forum.com.tn\/?page_id=682"},"modified":"2017-01-26T11:29:21","modified_gmt":"2017-01-26T10:29:21","slug":"menu-a-la-carte","status":"publish","type":"page","link":"http:\/\/www.forum.com.tn\/particulier\/Fr\/banquets\/menu-a-la-carte\/","title":{"rendered":"MENU \u00c0 LA CARTE"},"content":{"rendered":"<div class=\"main-container-ceromonie\">\r\n<div class=\"container text-ceremonie-full-bg\">\r\n<div class=\"row less-padding-bot\">\r\n<div class=\"col-md-6 padding-left lesser-padding-right ceremonie-text-p\">\r\nComposez vous-m\u00eame votre propre menu en choisissant parmi tous les plats propos\u00e9s par LE FORUM.\r\nGr\u00e2ce \u00e0 notre formule \u00e0 la carte, vous pouvez commencer par exemple avec des fines bouch\u00e9es suivie d\u2019une entr\u00e9e de qualit\u00e9,\r\n<\/div>\r\n<div class=\"col-md-6 padding-right lesser-padding-left ceremonie-text-p\">\r\nune ou deux suites gastronomes entrecoup\u00e9es avec un sorbet entremet et enfin un dessert fondant dans la bouche.\r\nLe large choix de plats \u00e0 la carte ravira tous les palais.\r\n<\/div>\r\n<\/div>\r\n<\/div>\r\n<\/div>","protected":false},"excerpt":{"rendered":"Composez vous-m\u00eame votre propre menu en choisissant parmi tous les plats propos\u00e9s par LE FORUM. Gr\u00e2ce \u00e0 notre formule \u00e0 la carte, vous pouvez commencer par exemple avec des fines bouch\u00e9es suivie d\u2019une entr\u00e9e de qualit\u00e9, une ou deux suites gastronomes entrecoup\u00e9es avec un sorbet entremet et enfin un dessert fondant dans la bouche. Le <a class=\"read-more\" href=\"http:\/\/www.forum.com.tn\/particulier\/Fr\/banquets\/menu-a-la-carte\/\">&#8230;<\/a>","protected":false},"author":1,"featured_media":0,"parent":20,"menu_order":0,"comment_status":"closed","ping_status":"closed","template":"single-menu-carte.php","meta":[],"_links":{"self":[{"href":"http:\/\/www.forum.com.tn\/particulier\/Fr\/wp-json\/wp\/v2\/pages\/682"}],"collection":[{"href":"http:\/\/www.forum.com.tn\/particulier\/Fr\/wp-json\/wp\/v2\/pages"}],"about":[{"href":"http:\/\/www.forum.com.tn\/particulier\/Fr\/wp-json\/wp\/v2\/types\/page"}],"author":[{"embeddable":true,"href":"http:\/\/www.forum.com.tn\/particulier\/Fr\/wp-json\/wp\/v2\/users\/1"}],"replies":[{"embeddable":true,"href":"http:\/\/www.forum.com.tn\/particulier\/Fr\/wp-json\/wp\/v2\/comments?post=682"}],"version-history":[{"count":5,"href":"http:\/\/www.forum.com.tn\/particulier\/Fr\/wp-json\/wp\/v2\/pages\/682\/revisions"}],"predecessor-version":[{"id":1720,"href":"http:\/\/www.forum.com.tn\/particulier\/Fr\/wp-json\/wp\/v2\/pages\/682\/revisions\/1720"}],"up":[{"embeddable":true,"href":"http:\/\/www.forum.com.tn\/particulier\/Fr\/wp-json\/wp\/v2\/pages\/20"}],"wp:attachment":[{"href":"http:\/\/www.forum.com.tn\/particulier\/Fr\/wp-json\/wp\/v2\/media?parent=682"}],"curies":[{"name":"wp","href":"https:\/\/api.w.org\/{rel}","templated":true}]}}