{"id":8,"date":"2016-11-26T22:23:41","date_gmt":"2016-11-26T21:23:41","guid":{"rendered":"http:\/\/particulier.forum.com.tn\/?page_id=8"},"modified":"2018-09-19T11:46:56","modified_gmt":"2018-09-19T09:46:56","slug":"contact","status":"publish","type":"page","link":"http:\/\/www.forum.com.tn\/particulier\/Fr\/contact\/","title":{"rendered":"CONTACT"},"content":{"rendered":"[vc_row][vc_column][vc_column_text]\r\n<div style=\"overflow: hidden; height: 300px;\">\r\n\r\n<iframe loading=\"lazy\" style=\"border: 0; margin-top: -150px;\" src=\"https:\/\/www.google.com\/maps\/embed?pb=!1m18!1m12!1m3!1d2462.076320238236!2d10.282724247724818!3d36.844440851116886!2m3!1f0!2f0!3f0!3m2!1i1024!2i768!4f13.1!3m3!1m2!1s0x0%3A0x855ed980b2effb9c!2sForum!5e0!3m2!1sfr!2sfr!4v1480069595368\" width=\"100%\" height=\"600\" frameborder=\"0\">\r\n<\/iframe>\r\n\r\n<\/div>\r\n[\/vc_column_text][\/vc_column][\/vc_row][vc_row][vc_column][vc_column_text el_class=\"text-contact\"]\r\n<p style=\"text-align: left;\">Le Forum est un <a href=\"https:\/\/www.forum.com.tn\/particulier\/Fr\/\">espace mariage en Tunisie<\/a>, situ\u00e9 au 5 Rue de la feuille d'\u00e9rables, Les Berges du lac II, Tunis.<\/p>\r\n<p style=\"text-align: left;\">En arrivant de Tunis, d\u00e9passez le niveau de l'ambassade des USA puis prenez \u00e0 droite la route principale du KRAM. Allez tout droit sur une distance de 1100 m\u00e8tres. D\u00e9passez le rond-point de Tunisia Mall. Au niveau de la Clinique internationale Hannibal, tournez \u00e0 droite. Apr\u00e8s 300 m\u00e8tres tournez \u00e0 droite. LE FORUM se trouve \u00e0 100 m\u00e8tres \u00e0 votre droite.<\/p>\r\n<p style=\"text-align: left;\">En arrivant du Kram, d\u00e9passez le palais des expositions du Kram(direction centre-ville). Continuez tout droit sur 1,2 Km. Au 3\u00e8me rond-point tourner \u00e0 gauche (direction A\u00e9roport) juste au niveau de la Clinique internationale Hannibal. Apr\u00e8s 300 m\u00e8tres tournez \u00e0 droite au niveau rond-point. Le FORUM se trouve \u00e0 100 m\u00e8tres \u00e0 votre droite.<\/p>\r\n[\/vc_column_text][vc_separator][\/vc_column][\/vc_row][vc_row][vc_column][vc_row_inner][vc_column_inner width=\"1\/3\"][vc_column_text]<img loading=\"lazy\" class=\"alignnone size-full wp-image-25\" src=\"http:\/\/www.forum.com.tn\/wp-content\/uploads\/2016\/11\/ic_adresse_contact_leforum.png\" alt=\"ic_adresse_contact_leforum\" width=\"58\" height=\"58\" \/>\r\n<div class=\"adr-contact center-font-circle\">\u00a0Adresse:<\/div>\r\n[\/vc_column_text][vc_column_text el_class=\"adr-contact-text\"]5, Rue de la Feuille d\u2019Erabe, 1053\r\nLes Berges du Lac II Tunis-Tunisie[\/vc_column_text][\/vc_column_inner][vc_column_inner width=\"1\/3\"][vc_column_text]<img loading=\"lazy\" class=\"alignnone size-full wp-image-32\" src=\"http:\/\/www.forum.com.tn\/wp-content\/uploads\/2016\/11\/ic_phone_contact_meforum.png\" alt=\"ic_phone_contact_meforum\" width=\"58\" height=\"58\" \/><a class=\"tel-contact\"> T\u00e9l:<\/a>\r\n<ul class=\"ul-contact\">\r\n \t<li>(+216) 71 267 267<\/li>\r\n \t<li>(+216) 26 483 000<\/li>\r\n \t<li>(+216) 26 459 000<\/li>\r\n<\/ul>\r\n[\/vc_column_text][\/vc_column_inner][vc_column_inner width=\"1\/3\"][vc_column_text]\r\n<div class=\"cadrage-fax\"><img loading=\"lazy\" class=\"alignnone size-full wp-image-30\" src=\"http:\/\/www.forum.com.tn\/wp-content\/uploads\/2016\/11\/ic_fax_contact_leforum.png\" alt=\"ic_fax_contact_leforum\" width=\"58\" height=\"58\" \/>\u00a0<a class=\"fax-contact\">Fax :<\/a> <a class=\"fax-contact-tel\">(+216) 71 267 006<\/a><\/div>\r\n[\/vc_column_text][\/vc_column_inner][\/vc_row_inner][vc_separator][\/vc_column][\/vc_row][vc_row][vc_column]\r\n                <div class='gf_browser_gecko gform_wrapper' id='gform_wrapper_4' ><form method='post' enctype='multipart\/form-data'  id='gform_4'  action='\/particulier\/Fr\/wp-json\/wp\/v2\/pages\/8'>\r\n                        <div class='gform_body'><ul id='gform_fields_4' class='gform_fields top_label form_sublabel_below description_below'><li id='field_4_5' class='gfield gf_left_third field_sublabel_below field_description_below gfield_visibility_visible' ><label class='gfield_label' for='input_4_5' >Pr\u00e9nom &amp; Nom<\/label><div class='ginput_container ginput_container_text'><input name='input_5' id='input_4_5' type='text' value='' class='medium'  tabindex='49'    aria-invalid=\"false\" \/><\/div><\/li><li id='field_4_2' class='gfield gf_middle_third gfield_contains_required field_sublabel_below field_description_below gfield_visibility_visible' ><label class='gfield_label' for='input_4_2' >E-MAIL<span class='gfield_required'>*<\/span><\/label><div class='ginput_container ginput_container_email'>\r\n                            <input name='input_2' id='input_4_2' type='text' value='' class='medium' tabindex='50'   \/>\r\n                        <\/div><\/li><li id='field_4_3' class='gfield gf_right_third field_sublabel_below field_description_below gfield_visibility_visible' ><label class='gfield_label' for='input_4_3' >NUM\u00c9RO DE T\u00c9L\u00c9PHONE<\/label><div class='ginput_container ginput_container_phone'><input name='input_3' id='input_4_3' type='text' value='' class='medium' tabindex='51'    aria-invalid=\"false\" \/><\/div><\/li><li id='field_4_4' class='gfield field_sublabel_below field_description_below gfield_visibility_visible' ><label class='gfield_label' for='input_4_4' >MESSAGE<\/label><div class='ginput_container ginput_container_textarea'><textarea name='input_4' id='input_4_4' class='textarea medium' tabindex='52'    aria-invalid=\"false\"   rows='10' cols='50'><\/textarea><\/div><\/li><li id='field_4_6' class='gfield gform_validation_container field_sublabel_below field_description_below gfield_visibility_' ><label class='gfield_label' for='input_4_6' >Comments<\/label><div class='ginput_container'><input name='input_6' id='input_4_6' type='text' value='' \/><\/div><div class='gfield_description'>Ce champ n\u2019est utilis\u00e9 qu\u2019\u00e0 des fins de validation et devrait rester inchang\u00e9.<\/div><\/li>\r\n                            <\/ul><\/div>\r\n        <div class='gform_footer top_label'> <input type='submit' id='gform_submit_button_4' class='gform_button button' value='Envoyer' tabindex='53' onclick='if(window[\"gf_submitting_4\"]){return false;}  window[\"gf_submitting_4\"]=true;  ' onkeypress='if( event.keyCode == 13 ){ if(window[\"gf_submitting_4\"]){return false;} window[\"gf_submitting_4\"]=true;  jQuery(\"#gform_4\").trigger(\"submit\",[true]); }' \/> \r\n            <input type='hidden' class='gform_hidden' name='is_submit_4' value='1' \/>\r\n            <input type='hidden' class='gform_hidden' name='gform_submit' value='4' \/>\r\n            \r\n            <input type='hidden' class='gform_hidden' name='gform_unique_id' value='' \/>\r\n            <input type='hidden' class='gform_hidden' name='state_4' value='WyJbXSIsIjQxMDFkYzBhMzVkNWFlZDgyOTVkYjVlNmQ1MjQzNmQzIl0=' \/>\r\n            <input type='hidden' class='gform_hidden' name='gform_target_page_number_4' id='gform_target_page_number_4' value='0' \/>\r\n            <input type='hidden' class='gform_hidden' name='gform_source_page_number_4' id='gform_source_page_number_4' value='1' \/>\r\n            <input type='hidden' name='gform_field_values' value='' \/>\r\n            \r\n        <\/div>\r\n                        <\/form>\r\n                        <\/div><script type='text\/javascript'> jQuery(document).bind('gform_post_render', function(event, formId, currentPage){if(formId == 4) {if(!\/(android)\/i.test(navigator.userAgent)){jQuery('#input_4_3').mask('(999) 999-9999').bind('keypress', function(e){if(e.which == 13){jQuery(this).blur();} } );}} } );jQuery(document).bind('gform_post_conditional_logic', function(event, formId, fields, isInit){} );<\/script><script type='text\/javascript'> jQuery(document).ready(function(){jQuery(document).trigger('gform_post_render', [4, 1]) } ); <\/script>[\/vc_column][\/vc_row][vc_row][vc_column][vc_column_text]\r\n\r\n[\/vc_column_text][\/vc_column][\/vc_row]","protected":false},"excerpt":{"rendered":"[vc_row][vc_column][vc_column_text] [\/vc_column_text][\/vc_column][\/vc_row][vc_row][vc_column][vc_column_text el_class=\u00a0\u00bbtext-contact\u00a0\u00bb] Le Forum est un espace mariage en Tunisie, situ\u00e9 au 5 Rue de la feuille d&rsquo;\u00e9rables, Les Berges du lac II, Tunis. En arrivant de Tunis, d\u00e9passez le niveau de l&rsquo;ambassade des USA puis prenez \u00e0 droite la route principale du KRAM. Allez tout droit sur une distance de 1100 m\u00e8tres. D\u00e9passez <a class=\"read-more\" href=\"http:\/\/www.forum.com.tn\/particulier\/Fr\/contact\/\">&#8230;<\/a>","protected":false},"author":1,"featured_media":0,"parent":0,"menu_order":0,"comment_status":"closed","ping_status":"closed","template":"single-contact.php","meta":[],"_links":{"self":[{"href":"http:\/\/www.forum.com.tn\/particulier\/Fr\/wp-json\/wp\/v2\/pages\/8"}],"collection":[{"href":"http:\/\/www.forum.com.tn\/particulier\/Fr\/wp-json\/wp\/v2\/pages"}],"about":[{"href":"http:\/\/www.forum.com.tn\/particulier\/Fr\/wp-json\/wp\/v2\/types\/page"}],"author":[{"embeddable":true,"href":"http:\/\/www.forum.com.tn\/particulier\/Fr\/wp-json\/wp\/v2\/users\/1"}],"replies":[{"embeddable":true,"href":"http:\/\/www.forum.com.tn\/particulier\/Fr\/wp-json\/wp\/v2\/comments?post=8"}],"version-history":[{"count":12,"href":"http:\/\/www.forum.com.tn\/particulier\/Fr\/wp-json\/wp\/v2\/pages\/8\/revisions"}],"predecessor-version":[{"id":3796,"href":"http:\/\/www.forum.com.tn\/particulier\/Fr\/wp-json\/wp\/v2\/pages\/8\/revisions\/3796"}],"wp:attachment":[{"href":"http:\/\/www.forum.com.tn\/particulier\/Fr\/wp-json\/wp\/v2\/media?parent=8"}],"curies":[{"name":"wp","href":"https:\/\/api.w.org\/{rel}","templated":true}]}}